{"id":4400,"date":"2021-10-12T15:51:09","date_gmt":"2021-10-12T15:51:09","guid":{"rendered":"http:\/\/dummy.xtemos.com\/woodmart2\/elementor\/?page_id=4400"},"modified":"2025-07-15T10:52:34","modified_gmt":"2025-07-15T10:52:34","slug":"about-us-3","status":"publish","type":"page","link":"https:\/\/kayserifonksiyoneltipdiyetisyeni.com\/index.php\/about-us-3\/","title":{"rendered":"Hakk\u0131m\u0131zda"},"content":{"rendered":"\t\t<div data-elementor-type=\"wp-page\" data-elementor-id=\"4400\" class=\"elementor elementor-4400\">\n\t\t\t\t<div class=\"wd-negative-gap elementor-element elementor-element-7c7c544 e-flex e-con-boxed e-con e-parent\" data-id=\"7c7c544\" data-element_type=\"container\">\n\t\t\t\t\t<div class=\"e-con-inner\">\n\t\t<div class=\"elementor-element elementor-element-e7cb5cd e-con-full e-flex e-con e-child\" data-id=\"e7cb5cd\" data-element_type=\"container\">\n\t\t\t\t<div class=\"elementor-element elementor-element-56aec39 elementor-widget elementor-widget-wd_image_or_svg\" data-id=\"56aec39\" data-element_type=\"widget\" data-widget_type=\"wd_image_or_svg.default\">\n\t\t\t\t<div class=\"elementor-widget-container\">\n\t\t\t\t\t\n\t\t<div class=\"wd-image text-left\">\n\t\t\t\t\t\t\t\t<img fetchpriority=\"high\" decoding=\"async\" width=\"580\" height=\"580\" src=\"https:\/\/kayserifonksiyoneltipdiyetisyeni.com\/wp-content\/uploads\/2025\/07\/Adsiz-tasarim-2025-07-15T134903.171.png\" class=\"attachment-full size-full\" alt=\"\" srcset=\"https:\/\/kayserifonksiyoneltipdiyetisyeni.com\/wp-content\/uploads\/2025\/07\/Adsiz-tasarim-2025-07-15T134903.171.png 580w, https:\/\/kayserifonksiyoneltipdiyetisyeni.com\/wp-content\/uploads\/2025\/07\/Adsiz-tasarim-2025-07-15T134903.171-300x300.png 300w, https:\/\/kayserifonksiyoneltipdiyetisyeni.com\/wp-content\/uploads\/2025\/07\/Adsiz-tasarim-2025-07-15T134903.171-150x150.png 150w, https:\/\/kayserifonksiyoneltipdiyetisyeni.com\/wp-content\/uploads\/2025\/07\/Adsiz-tasarim-2025-07-15T134903.171-430x430.png 430w\" sizes=\"(max-width: 580px) 100vw, 580px\" \/>\t\t\t\t\t<\/div>\n\n\t\t\t\t\t\t<\/div>\n\t\t\t\t<\/div>\n\t\t\t\t<\/div>\n\t\t<div class=\"elementor-element elementor-element-97d6084 e-con-full e-flex e-con e-child\" data-id=\"97d6084\" data-element_type=\"container\">\n\t\t\t\t<div class=\"elementor-element elementor-element-98d830b elementor-widget__width-initial wd-width-100 elementor-widget elementor-widget-wd_title\" data-id=\"98d830b\" data-element_type=\"widget\" data-widget_type=\"wd_title.default\">\n\t\t\t\t<div class=\"elementor-widget-container\">\n\t\t\t\t\t\t\t<div class=\"title-wrapper set-mb-s reset-last-child wd-title-color-primary wd-title-style-default wd-title-size-large text-left\">\n\n\t\t\t\t\t\t\t<div class=\"title-subtitle subtitle-color-primary subtitle-style-default wd-fontsize-xs\">\n\t\t\t\t\tSEVDE NUR YILMAZ FONKS\u0130YONEL TIP D\u0130YET\u0130SYEN\u0130\t\t\t\t<\/div>\n\t\t\t\n\t\t\t<div class=\"liner-continer\">\n\t\t\t\t<h4 class=\"woodmart-title-container title wd-fontsize-xxl\">Hakk\u0131mda:<\/h4> \n\t\t\t\t\t\t\t<\/div>\n\n\t\t\t\t\t<\/div>\n\t\t\t\t\t\t<\/div>\n\t\t\t\t<\/div>\n\t\t\t\t<div class=\"elementor-element elementor-element-66e47ad elementor-widget elementor-widget-wd_text_block\" data-id=\"66e47ad\" data-element_type=\"widget\" data-widget_type=\"wd_text_block.default\">\n\t\t\t\t<div class=\"elementor-widget-container\">\n\t\t\t\t\t\t\t<div class=\"wd-text-block reset-last-child text-left\">\n\t\t\t\n\t\t\t<p>Merhaba, ben Sevde Nur Y\u0131lmaz. 2017 y\u0131l\u0131nda Nuh Naci Yazgan \u00dcniversitesi Sa\u011fl\u0131k Bilimleri Fak\u00fcltesi Beslenme ve Diyetetik B\u00f6l\u00fcm\u00fc\u2019nden mezun oldum. E\u011fitim hayat\u0131ma, 2024 y\u0131l\u0131nda ba\u015flad\u0131\u011f\u0131m y\u00fcksek lisans e\u011fitimim ile devam etmekteyim . <br \/>Mezuniyetimin ard\u0131ndan mesleki yolculu\u011fum boyunca, insan bedeninin yaln\u0131zca d\u0131\u015fa yans\u0131yan y\u00f6nleriyle de\u011fil, i\u00e7sel dengesini ve k\u00f6k nedenlerini de anlamaya odakland\u0131m. Bu aray\u0131\u015f beni fonksiyonel t\u0131p ile tan\u0131\u015ft\u0131rd\u0131.<br \/>2022 y\u0131l\u0131nda Fonksiyonel T\u0131p Platformu taraf\u0131ndan d\u00fczenlenen Fonksiyonel T\u0131p Diyetisyenli\u011fi Sertifikasyon Program\u0131\u2019na kat\u0131ld\u0131m. Yo\u011fun ve kapsaml\u0131 bir e\u011fitimin ard\u0131ndan yap\u0131lan s\u0131navdan ba\u015far\u0131yla ge\u00e7erek sertifikam\u0131 almaya hak kazand\u0131m. <br \/>Dan\u0131\u015fanlar\u0131ma yaln\u0131zca kal\u0131pla\u015fm\u0131\u015f diyet listeleri sunmak yerine, onlar\u0131 bedenlerini tan\u0131maya, dinlemeye ve b\u00fct\u00fcnc\u00fcl bir yakla\u015f\u0131mla iyile\u015fmeye te\u015fvik ediyorum. Fonksiyonel t\u0131p yakla\u015f\u0131m\u0131nda, her birey \u00f6zeldir ve beslenme plan\u0131 da bu \u00f6zg\u00fcnl\u00fc\u011fe g\u00f6re \u015fekillenmelidir. Siz k\u0131ymetli dan\u0131\u015fanlar\u0131m i\u00e7in hormon dengesizliklerinden sindirim sistemi sorunlar\u0131na, kronik yorgunluktan ba\u011f\u0131\u015f\u0131kl\u0131k deste\u011fine kadar pek \u00e7ok konuda bilimsel veriye dayal\u0131, ki\u015fiye \u00f6zel \u00e7\u00f6z\u00fcmler sunmaktay\u0131m.<\/p><p>\u00a0<\/p>\n\t\t\t\t\t<\/div>\n\t\t\t\t\t\t<\/div>\n\t\t\t\t<\/div>\n\t\t\t\t<\/div>\n\t\t\t\t\t<\/div>\n\t\t\t\t<\/div>\n\t\t\t\t<section class=\"wd-negative-gap elementor-section elementor-top-section elementor-element elementor-element-5c4b5d16 elementor-section-content-middle elementor-section-boxed elementor-section-height-default elementor-section-height-default\" data-id=\"5c4b5d16\" data-element_type=\"section\">\n\t\t\t\t\t\t<div class=\"elementor-container elementor-column-gap-wide\">\n\t\t\t\t\t<div class=\"elementor-column elementor-col-50 elementor-top-column elementor-element elementor-element-3a2190b7\" data-id=\"3a2190b7\" data-element_type=\"column\">\n\t\t\t<div class=\"elementor-widget-wrap elementor-element-populated\">\n\t\t\t\t\t\t<div class=\"elementor-element elementor-element-2169a0ca elementor-widget elementor-widget-image\" data-id=\"2169a0ca\" data-element_type=\"widget\" data-widget_type=\"image.default\">\n\t\t\t\t<div class=\"elementor-widget-container\">\n\t\t\t\t\t\t\t\t\t\t\t\t\t\t\t<img decoding=\"async\" src=\"https:\/\/kayserifonksiyoneltipdiyetisyeni.com\/wp-content\/uploads\/elementor\/thumbs\/Adsiz-tasarim-2025-07-15T130022.047-r8sggq8cx2nv75y3h3oys2u4y5a7bcrankrxnauip4.png\" title=\"Ads\u0131z tasar\u0131m &#8211; 2025-07-15T130022.047\" alt=\"Ads\u0131z tasar\u0131m - 2025-07-15T130022.047\" loading=\"lazy\" \/>\t\t\t\t\t\t\t\t\t\t\t\t\t\t\t<\/div>\n\t\t\t\t<\/div>\n\t\t\t\t\t<\/div>\n\t\t<\/div>\n\t\t\t\t<div class=\"elementor-column elementor-col-50 elementor-top-column elementor-element elementor-element-5a9d3ea7\" data-id=\"5a9d3ea7\" data-element_type=\"column\">\n\t\t\t<div class=\"elementor-widget-wrap elementor-element-populated\">\n\t\t\t\t\t\t<section class=\"wd-negative-gap elementor-section elementor-inner-section elementor-element elementor-element-2ff8faed elementor-section-boxed elementor-section-height-default elementor-section-height-default\" data-id=\"2ff8faed\" data-element_type=\"section\">\n\t\t\t\t\t\t<div class=\"elementor-container elementor-column-gap-default\">\n\t\t\t\t\t<div class=\"elementor-column elementor-col-100 elementor-inner-column elementor-element elementor-element-413b27cc\" data-id=\"413b27cc\" data-element_type=\"column\">\n\t\t\t<div class=\"elementor-widget-wrap elementor-element-populated\">\n\t\t\t\t\t\t<div class=\"elementor-element elementor-element-55e2a1d3 wd-width-100 elementor-widget elementor-widget-wd_title\" data-id=\"55e2a1d3\" data-element_type=\"widget\" data-widget_type=\"wd_title.default\">\n\t\t\t\t<div class=\"elementor-widget-container\">\n\t\t\t\t\t\t\t<div class=\"title-wrapper set-mb-s reset-last-child wd-title-color-default wd-title-style-default wd-title-size-default text-left\">\n\n\t\t\t\n\t\t\t<div class=\"liner-continer\">\n\t\t\t\t<h4 class=\"woodmart-title-container title wd-fontsize-l\"><br \/>\n<br \/>\n<\/h4> \n\t\t\t\t\t\t\t<\/div>\n\n\t\t\t\t\t\t\t<div class=\"title-after_title set-cont-mb-s reset-last-child wd-fontsize-xs\">\n\t\t\t\t\t<h2>Vizyonumuz\u00a0<\/h2><p>Bireyin yaln\u0131zca kilo ya da kalori \u00fczerinden de\u011fil; beden, zihin ve ya\u015fam b\u00fct\u00fcnl\u00fc\u011f\u00fc i\u00e7inde de\u011ferlendirildi\u011fi bir sa\u011fl\u0131k anlay\u0131\u015f\u0131n\u0131 yayg\u0131nla\u015ft\u0131rmak.<br \/>Fonksiyonel t\u0131p yakla\u015f\u0131m\u0131yla, Kayseri ba\u015fta olmak \u00fczere T\u00fcrkiye'de ve t\u00fcm d\u00fcnyada eri\u015febildi\u011fim dan\u0131\u015fanlara, ki\u015fiye \u00f6zel, s\u00fcrd\u00fcr\u00fclebilir ve k\u00f6k nedene odaklanan beslenme \u00e7\u00f6z\u00fcmlerini sunmak.<\/p><h2>Misyonumuz\u00a0<\/h2><p>Dan\u0131\u015fanlar\u0131m\u0131z\u0131n ya\u015fam kalitesini art\u0131rmak i\u00e7in; bilimsel verilerle harmanlanm\u0131\u015f, ki\u015fiselle\u015ftirilmi\u015f ve b\u00fct\u00fcnc\u00fcl bir beslenme yakla\u015f\u0131m\u0131 sunmak.<br \/>Her bireyin fizyolojisine, ya\u015fam tarz\u0131na ve sa\u011fl\u0131k ge\u00e7mi\u015fine sayg\u0131 duyan bir rehberlikle, yaln\u0131zca semptomlar\u0131 de\u011fil, k\u00f6k nedenleri hedef alan \u00e7\u00f6z\u00fcmler \u00fcretmek.<\/p><h2>De\u011ferlerimiz<\/h2><p><strong>B\u00fct\u00fcnc\u00fcll\u00fck:<\/strong> Ki\u015fiyi yaln\u0131zca fiziksel de\u011fil, duygusal ve zihinsel y\u00f6nleriyle de ele al\u0131r\u0131z.<\/p><p><strong>Ki\u015fiselle\u015ftirme:<\/strong> Her dan\u0131\u015fan biriciktir; protokollerimiz ki\u015fiye \u00f6zeldir.<\/p><p><strong>Empati ve G\u00fcven:<\/strong> Yarg\u0131lamadan, anlayarak, g\u00fcvene dayal\u0131 bir ileti\u015fim kurar\u0131z.<\/p><p><strong>S\u00fcrd\u00fcr\u00fclebilirlik:<\/strong> K\u0131sa vadeli de\u011fil, ya\u015fam boyu devam edebilecek sa\u011fl\u0131kl\u0131 al\u0131\u015fkanl\u0131klar kazand\u0131r\u0131r\u0131z.<\/p><p><strong>Etik Yakla\u015f\u0131m:<\/strong> Ticarile\u015fmeyen, insan\u0131 \u00f6nceleyen bir hizmet anlay\u0131\u015f\u0131n\u0131 benimseriz.<\/p>\t\t\t\t<\/div>\n\t\t\t\t\t<\/div>\n\t\t\t\t\t\t<\/div>\n\t\t\t\t<\/div>\n\t\t\t\t\t<\/div>\n\t\t<\/div>\n\t\t\t\t\t<\/div>\n\t\t<\/section>\n\t\t\t\t\t<\/div>\n\t\t<\/div>\n\t\t\t\t\t<\/div>\n\t\t<\/section>\n\t\t<div class=\"wd-negative-gap elementor-element elementor-element-8481c26 e-flex e-con-boxed e-con e-parent\" data-id=\"8481c26\" data-element_type=\"container\">\n\t\t\t\t\t<div class=\"e-con-inner\">\n\t\t\t\t<div class=\"elementor-element elementor-element-d66a211 wd-width-100 elementor-widget elementor-widget-wd_title\" data-id=\"d66a211\" data-element_type=\"widget\" data-widget_type=\"wd_title.default\">\n\t\t\t\t<div class=\"elementor-widget-container\">\n\t\t\t\t\t\t\t<div class=\"title-wrapper set-mb-s reset-last-child wd-title-color-primary wd-title-style-default wd-title-size-large text-center\">\n\n\t\t\t\n\t\t\t<div class=\"liner-continer\">\n\t\t\t\t<h4 class=\"woodmart-title-container title wd-fontsize-xxl\">Diploma Ve Sertifikalar<\/h4> \n\t\t\t\t\t\t\t<\/div>\n\n\t\t\t\t\t\t\t<div class=\"title-after_title set-cont-mb-s reset-last-child wd-fontsize-s\">\n\t\t\t\t\t<p>Profesyonel Ve Ki\u015fiye \u00d6zel Programlar<\/p>\t\t\t\t<\/div>\n\t\t\t\t\t<\/div>\n\t\t\t\t\t\t<\/div>\n\t\t\t\t<\/div>\n\t\t\t\t\t<\/div>\n\t\t\t\t<\/div>\n\t\t<div class=\"wd-negative-gap elementor-element elementor-element-eafc045 e-flex e-con-boxed e-con e-parent\" data-id=\"eafc045\" data-element_type=\"container\">\n\t\t\t\t\t<div class=\"e-con-inner\">\n\t\t<div class=\"elementor-element elementor-element-64bdd4a e-con-full e-flex e-con e-child\" data-id=\"64bdd4a\" data-element_type=\"container\">\n\t\t\t\t<div class=\"elementor-element elementor-element-180708f elementor-widget-mobile__width-inherit elementor-widget elementor-widget-wd_team_member\" data-id=\"180708f\" data-element_type=\"widget\" data-widget_type=\"wd_team_member.default\">\n\t\t\t\t<div class=\"elementor-widget-container\">\n\t\t\t\t\t\t\t<div class=\"team-member member-layout-default text-center\">\n\t\t\t\t\t\t\t<div class=\"member-image-wrapper\">\n\t\t\t\t\t<div class=\"member-image\">\n\t\t\t\t\t\t<img decoding=\"async\" width=\"580\" height=\"580\" src=\"https:\/\/kayserifonksiyoneltipdiyetisyeni.com\/wp-content\/uploads\/2025\/05\/Adsiz-tasarim-62.png\" class=\"attachment-full size-full\" alt=\"\" srcset=\"https:\/\/kayserifonksiyoneltipdiyetisyeni.com\/wp-content\/uploads\/2025\/05\/Adsiz-tasarim-62.png 580w, https:\/\/kayserifonksiyoneltipdiyetisyeni.com\/wp-content\/uploads\/2025\/05\/Adsiz-tasarim-62-300x300.png 300w, https:\/\/kayserifonksiyoneltipdiyetisyeni.com\/wp-content\/uploads\/2025\/05\/Adsiz-tasarim-62-150x150.png 150w, https:\/\/kayserifonksiyoneltipdiyetisyeni.com\/wp-content\/uploads\/2025\/05\/Adsiz-tasarim-62-430x430.png 430w\" sizes=\"(max-width: 580px) 100vw, 580px\" \/>\t\t\t\t\t<\/div>\n\t\t\t\t<\/div>\n\t\t\t\n\t\t\t<div class=\"member-details set-mb-s reset-last-child\">\n\t\t\t\t\t\t\t\t\t<h4 class=\"member-name\">\n\t\t\t\t\t\tAnne \u00c7ocuk Beslenmesi\t\t\t\t\t<\/h4>\n\t\t\t\t\n\t\t\t\t\t\t\t\t\t<div class=\"member-position\">\n\t\t\t\t\t\tBeslenme Ve Diyetetik Zirvesi\t\t\t\t\t<\/div>\n\t\t\t\t\n\t\t\t\t\n\t\t\t\t\t\t\t<\/div>\n\t\t<\/div>\n\t\t\t\t\t\t<\/div>\n\t\t\t\t<\/div>\n\t\t\t\t<div class=\"elementor-element elementor-element-45c2c7a elementor-widget-mobile__width-inherit elementor-widget elementor-widget-wd_team_member\" data-id=\"45c2c7a\" data-element_type=\"widget\" data-widget_type=\"wd_team_member.default\">\n\t\t\t\t<div class=\"elementor-widget-container\">\n\t\t\t\t\t\t\t<div class=\"team-member member-layout-default text-center\">\n\t\t\t\t\t\t\t<div class=\"member-image-wrapper\">\n\t\t\t\t\t<div class=\"member-image\">\n\t\t\t\t\t\t<img decoding=\"async\" width=\"580\" height=\"580\" src=\"https:\/\/kayserifonksiyoneltipdiyetisyeni.com\/wp-content\/uploads\/2025\/05\/Adsiz-tasarim-66.png\" class=\"attachment-full size-full\" alt=\"\" srcset=\"https:\/\/kayserifonksiyoneltipdiyetisyeni.com\/wp-content\/uploads\/2025\/05\/Adsiz-tasarim-66.png 580w, https:\/\/kayserifonksiyoneltipdiyetisyeni.com\/wp-content\/uploads\/2025\/05\/Adsiz-tasarim-66-300x300.png 300w, https:\/\/kayserifonksiyoneltipdiyetisyeni.com\/wp-content\/uploads\/2025\/05\/Adsiz-tasarim-66-150x150.png 150w, https:\/\/kayserifonksiyoneltipdiyetisyeni.com\/wp-content\/uploads\/2025\/05\/Adsiz-tasarim-66-430x430.png 430w\" sizes=\"(max-width: 580px) 100vw, 580px\" \/>\t\t\t\t\t<\/div>\n\t\t\t\t<\/div>\n\t\t\t\n\t\t\t<div class=\"member-details set-mb-s reset-last-child\">\n\t\t\t\t\t\t\t\t\t<h4 class=\"member-name\">\n\t\t\t\t\t\tMetabolik Sendrom\t\t\t\t\t<\/h4>\n\t\t\t\t\n\t\t\t\t\t\t\t\t\t<div class=\"member-position\">\n\t\t\t\t\t\tBeslenme Ve Diyetetik Zirvesi\t\t\t\t\t<\/div>\n\t\t\t\t\n\t\t\t\t\n\t\t\t\t\t\t\t<\/div>\n\t\t<\/div>\n\t\t\t\t\t\t<\/div>\n\t\t\t\t<\/div>\n\t\t\t\t<div class=\"elementor-element elementor-element-f65a43c elementor-widget-mobile__width-inherit elementor-widget elementor-widget-wd_team_member\" data-id=\"f65a43c\" data-element_type=\"widget\" data-widget_type=\"wd_team_member.default\">\n\t\t\t\t<div class=\"elementor-widget-container\">\n\t\t\t\t\t\t\t<div class=\"team-member member-layout-default text-center\">\n\t\t\t\t\t\t\t<div class=\"member-image-wrapper\">\n\t\t\t\t\t<div class=\"member-image\">\n\t\t\t\t\t\t<img loading=\"lazy\" decoding=\"async\" width=\"580\" height=\"580\" src=\"https:\/\/kayserifonksiyoneltipdiyetisyeni.com\/wp-content\/uploads\/2025\/05\/Adsiz-tasarim-67.png\" class=\"attachment-full size-full\" alt=\"\" srcset=\"https:\/\/kayserifonksiyoneltipdiyetisyeni.com\/wp-content\/uploads\/2025\/05\/Adsiz-tasarim-67.png 580w, https:\/\/kayserifonksiyoneltipdiyetisyeni.com\/wp-content\/uploads\/2025\/05\/Adsiz-tasarim-67-300x300.png 300w, https:\/\/kayserifonksiyoneltipdiyetisyeni.com\/wp-content\/uploads\/2025\/05\/Adsiz-tasarim-67-150x150.png 150w, https:\/\/kayserifonksiyoneltipdiyetisyeni.com\/wp-content\/uploads\/2025\/05\/Adsiz-tasarim-67-430x430.png 430w\" sizes=\"(max-width: 580px) 100vw, 580px\" \/>\t\t\t\t\t<\/div>\n\t\t\t\t<\/div>\n\t\t\t\n\t\t\t<div class=\"member-details set-mb-s reset-last-child\">\n\t\t\t\t\t\t\t\t\t<h4 class=\"member-name\">\n\t\t\t\t\t\t\u0130ns\u00fclin Direncine \u00d6rnek Vakalar\t\t\t\t\t<\/h4>\n\t\t\t\t\n\t\t\t\t\t\t\t\t\t<div class=\"member-position\">\n\t\t\t\t\t\tBeslenme Ve Diyetetik Zirvesi\t\t\t\t\t<\/div>\n\t\t\t\t\n\t\t\t\t\n\t\t\t\t\t\t\t<\/div>\n\t\t<\/div>\n\t\t\t\t\t\t<\/div>\n\t\t\t\t<\/div>\n\t\t\t\t<\/div>\n\t\t<div class=\"elementor-element elementor-element-135a473 e-con-full e-flex e-con e-child\" data-id=\"135a473\" data-element_type=\"container\">\n\t\t\t\t<div class=\"elementor-element elementor-element-af638ef elementor-widget-mobile__width-inherit elementor-widget elementor-widget-wd_team_member\" data-id=\"af638ef\" data-element_type=\"widget\" data-widget_type=\"wd_team_member.default\">\n\t\t\t\t<div class=\"elementor-widget-container\">\n\t\t\t\t\t\t\t<div class=\"team-member member-layout-default text-center\">\n\t\t\t\t\t\t\t<div class=\"member-image-wrapper\">\n\t\t\t\t\t<div class=\"member-image\">\n\t\t\t\t\t\t<img loading=\"lazy\" decoding=\"async\" width=\"580\" height=\"580\" src=\"https:\/\/kayserifonksiyoneltipdiyetisyeni.com\/wp-content\/uploads\/2025\/05\/Adsiz-tasarim-63.png\" class=\"attachment-full size-full\" alt=\"\" srcset=\"https:\/\/kayserifonksiyoneltipdiyetisyeni.com\/wp-content\/uploads\/2025\/05\/Adsiz-tasarim-63.png 580w, https:\/\/kayserifonksiyoneltipdiyetisyeni.com\/wp-content\/uploads\/2025\/05\/Adsiz-tasarim-63-300x300.png 300w, https:\/\/kayserifonksiyoneltipdiyetisyeni.com\/wp-content\/uploads\/2025\/05\/Adsiz-tasarim-63-150x150.png 150w, https:\/\/kayserifonksiyoneltipdiyetisyeni.com\/wp-content\/uploads\/2025\/05\/Adsiz-tasarim-63-430x430.png 430w\" sizes=\"(max-width: 580px) 100vw, 580px\" \/>\t\t\t\t\t<\/div>\n\t\t\t\t<\/div>\n\t\t\t\n\t\t\t<div class=\"member-details set-mb-s reset-last-child\">\n\t\t\t\t\t\t\t\t\t<h4 class=\"member-name\">\n\t\t\t\t\t\tTiroid Hastal\u0131klar\u0131nda Beslenme\t\t\t\t\t<\/h4>\n\t\t\t\t\n\t\t\t\t\t\t\t\t\t<div class=\"member-position\">\n\t\t\t\t\t\tBeslenme Ve Diyetetik Zirvesi\t\t\t\t\t<\/div>\n\t\t\t\t\n\t\t\t\t\n\t\t\t\t\t\t\t<\/div>\n\t\t<\/div>\n\t\t\t\t\t\t<\/div>\n\t\t\t\t<\/div>\n\t\t\t\t<div class=\"elementor-element elementor-element-61d85c5 elementor-widget-mobile__width-inherit elementor-widget elementor-widget-wd_team_member\" data-id=\"61d85c5\" data-element_type=\"widget\" data-widget_type=\"wd_team_member.default\">\n\t\t\t\t<div class=\"elementor-widget-container\">\n\t\t\t\t\t\t\t<div class=\"team-member member-layout-default text-center\">\n\t\t\t\t\t\t\t<div class=\"member-image-wrapper\">\n\t\t\t\t\t<div class=\"member-image\">\n\t\t\t\t\t\t<img loading=\"lazy\" decoding=\"async\" width=\"580\" height=\"580\" src=\"https:\/\/kayserifonksiyoneltipdiyetisyeni.com\/wp-content\/uploads\/2025\/05\/Adsiz-tasarim-65.png\" class=\"attachment-full size-full\" alt=\"\" srcset=\"https:\/\/kayserifonksiyoneltipdiyetisyeni.com\/wp-content\/uploads\/2025\/05\/Adsiz-tasarim-65.png 580w, https:\/\/kayserifonksiyoneltipdiyetisyeni.com\/wp-content\/uploads\/2025\/05\/Adsiz-tasarim-65-300x300.png 300w, https:\/\/kayserifonksiyoneltipdiyetisyeni.com\/wp-content\/uploads\/2025\/05\/Adsiz-tasarim-65-150x150.png 150w, https:\/\/kayserifonksiyoneltipdiyetisyeni.com\/wp-content\/uploads\/2025\/05\/Adsiz-tasarim-65-430x430.png 430w\" sizes=\"(max-width: 580px) 100vw, 580px\" \/>\t\t\t\t\t<\/div>\n\t\t\t\t<\/div>\n\t\t\t\n\t\t\t<div class=\"member-details set-mb-s reset-last-child\">\n\t\t\t\t\t\t\t\t\t<h4 class=\"member-name\">\n\t\t\t\t\t\t\u0130rritabl Barsak Sendromu\t\t\t\t\t<\/h4>\n\t\t\t\t\n\t\t\t\t\t\t\t\t\t<div class=\"member-position\">\n\t\t\t\t\t\tBeslenme Ve Diyetetik Zirvesi\t\t\t\t\t<\/div>\n\t\t\t\t\n\t\t\t\t\n\t\t\t\t\t\t\t<\/div>\n\t\t<\/div>\n\t\t\t\t\t\t<\/div>\n\t\t\t\t<\/div>\n\t\t\t\t<div class=\"elementor-element elementor-element-edaadea elementor-widget-mobile__width-inherit elementor-widget elementor-widget-wd_team_member\" data-id=\"edaadea\" data-element_type=\"widget\" data-widget_type=\"wd_team_member.default\">\n\t\t\t\t<div class=\"elementor-widget-container\">\n\t\t\t\t\t\t\t<div class=\"team-member member-layout-default text-center\">\n\t\t\t\t\t\t\t<div class=\"member-image-wrapper\">\n\t\t\t\t\t<div class=\"member-image\">\n\t\t\t\t\t\t<img loading=\"lazy\" decoding=\"async\" width=\"580\" height=\"580\" src=\"https:\/\/kayserifonksiyoneltipdiyetisyeni.com\/wp-content\/uploads\/2025\/05\/Adsiz-tasarim-64.png\" class=\"attachment-full size-full\" alt=\"\" srcset=\"https:\/\/kayserifonksiyoneltipdiyetisyeni.com\/wp-content\/uploads\/2025\/05\/Adsiz-tasarim-64.png 580w, https:\/\/kayserifonksiyoneltipdiyetisyeni.com\/wp-content\/uploads\/2025\/05\/Adsiz-tasarim-64-300x300.png 300w, https:\/\/kayserifonksiyoneltipdiyetisyeni.com\/wp-content\/uploads\/2025\/05\/Adsiz-tasarim-64-150x150.png 150w, https:\/\/kayserifonksiyoneltipdiyetisyeni.com\/wp-content\/uploads\/2025\/05\/Adsiz-tasarim-64-430x430.png 430w\" sizes=\"(max-width: 580px) 100vw, 580px\" \/>\t\t\t\t\t<\/div>\n\t\t\t\t<\/div>\n\t\t\t\n\t\t\t<div class=\"member-details set-mb-s reset-last-child\">\n\t\t\t\t\t\t\t\t\t<h4 class=\"member-name\">\n\t\t\t\t\t\tEnd\u00fcstriyel G\u0131dalarda Etiket Okuma\t\t\t\t\t<\/h4>\n\t\t\t\t\n\t\t\t\t\t\t\t\t\t<div class=\"member-position\">\n\t\t\t\t\t\tBeslenme Ve Diyetetik Zirvesi\t\t\t\t\t<\/div>\n\t\t\t\t\n\t\t\t\t\n\t\t\t\t\t\t\t<\/div>\n\t\t<\/div>\n\t\t\t\t\t\t<\/div>\n\t\t\t\t<\/div>\n\t\t\t\t<\/div>\n\t\t\t\t\t<\/div>\n\t\t\t\t<\/div>\n\t\t\t\t<\/div>\n\t\t","protected":false},"excerpt":{"rendered":"<p>SEVDE NUR YILMAZ FONKS\u0130YONEL TIP D\u0130YET\u0130SYEN\u0130 Hakk\u0131mda: Merhaba, ben Sevde Nur Y\u0131lmaz. 2017 y\u0131l\u0131nda Nuh Naci Yazgan \u00dcniversitesi Sa\u011fl\u0131k Bilimleri<\/p>\n","protected":false},"author":1,"featured_media":0,"parent":0,"menu_order":0,"comment_status":"closed","ping_status":"closed","template":"","meta":{"footnotes":""},"class_list":["post-4400","page","type-page","status-publish","hentry"],"_links":{"self":[{"href":"https:\/\/kayserifonksiyoneltipdiyetisyeni.com\/index.php\/wp-json\/wp\/v2\/pages\/4400","targetHints":{"allow":["GET"]}}],"collection":[{"href":"https:\/\/kayserifonksiyoneltipdiyetisyeni.com\/index.php\/wp-json\/wp\/v2\/pages"}],"about":[{"href":"https:\/\/kayserifonksiyoneltipdiyetisyeni.com\/index.php\/wp-json\/wp\/v2\/types\/page"}],"author":[{"embeddable":true,"href":"https:\/\/kayserifonksiyoneltipdiyetisyeni.com\/index.php\/wp-json\/wp\/v2\/users\/1"}],"replies":[{"embeddable":true,"href":"https:\/\/kayserifonksiyoneltipdiyetisyeni.com\/index.php\/wp-json\/wp\/v2\/comments?post=4400"}],"version-history":[{"count":19,"href":"https:\/\/kayserifonksiyoneltipdiyetisyeni.com\/index.php\/wp-json\/wp\/v2\/pages\/4400\/revisions"}],"predecessor-version":[{"id":15890,"href":"https:\/\/kayserifonksiyoneltipdiyetisyeni.com\/index.php\/wp-json\/wp\/v2\/pages\/4400\/revisions\/15890"}],"wp:attachment":[{"href":"https:\/\/kayserifonksiyoneltipdiyetisyeni.com\/index.php\/wp-json\/wp\/v2\/media?parent=4400"}],"curies":[{"name":"wp","href":"https:\/\/api.w.org\/{rel}","templated":true}]}}