{"id":15742,"date":"2025-05-16T14:09:20","date_gmt":"2025-05-16T14:09:20","guid":{"rendered":"https:\/\/kayserifonksiyoneltipdiyetisyeni.com\/?page_id=15742"},"modified":"2025-05-16T14:21:23","modified_gmt":"2025-05-16T14:21:23","slug":"iletisim","status":"publish","type":"page","link":"https:\/\/kayserifonksiyoneltipdiyetisyeni.com\/index.php\/iletisim\/","title":{"rendered":"\u0130leti\u015fim"},"content":{"rendered":"\t\t<div data-elementor-type=\"wp-page\" data-elementor-id=\"15742\" class=\"elementor elementor-15742\">\n\t\t\t\t\t\t<section class=\"wd-negative-gap elementor-section elementor-top-section elementor-element elementor-element-496cbdab elementor-section-boxed elementor-section-height-default elementor-section-height-default\" data-id=\"496cbdab\" data-element_type=\"section\">\n\t\t\t\t\t\t<div class=\"elementor-container elementor-column-gap-default\">\n\t\t\t\t\t<div class=\"elementor-column elementor-col-33 elementor-top-column elementor-element elementor-element-1a7d283e\" data-id=\"1a7d283e\" data-element_type=\"column\">\n\t\t\t<div class=\"elementor-widget-wrap elementor-element-populated\">\n\t\t\t\t\t\t<div class=\"elementor-element elementor-element-330eb1b6 wd-width-100 elementor-widget elementor-widget-wd_title\" data-id=\"330eb1b6\" data-element_type=\"widget\" data-widget_type=\"wd_title.default\">\n\t\t\t\t<div class=\"elementor-widget-container\">\n\t\t\t\t\t\t\t<div class=\"title-wrapper set-mb-s reset-last-child wd-title-color-default wd-title-style-default wd-title-size-default text-left\">\n\n\t\t\t\n\t\t\t<div class=\"liner-continer\">\n\t\t\t\t<h4 class=\"woodmart-title-container title wd-fontsize-l wd-underline-colored\">\u0130leti\u015fim<\/h4> \n\t\t\t\t\t\t\t<\/div>\n\n\t\t\t\t\t<\/div>\n\t\t\t\t\t\t<\/div>\n\t\t\t\t<\/div>\n\t\t\t\t\t<\/div>\n\t\t<\/div>\n\t\t\t\t<div class=\"elementor-column elementor-col-33 elementor-top-column elementor-element elementor-element-5b03f272\" data-id=\"5b03f272\" data-element_type=\"column\">\n\t\t\t<div class=\"elementor-widget-wrap elementor-element-populated\">\n\t\t\t\t\t\t<div class=\"elementor-element elementor-element-5adc57b wd-width-100 elementor-widget elementor-widget-wd_title\" data-id=\"5adc57b\" data-element_type=\"widget\" data-widget_type=\"wd_title.default\">\n\t\t\t\t<div class=\"elementor-widget-container\">\n\t\t\t\t\t\t\t<div class=\"title-wrapper set-mb-s reset-last-child wd-title-color-default wd-title-style-default wd-title-size-default text-left\">\n\n\t\t\t\n\t\t\t<div class=\"liner-continer\">\n\t\t\t\t<h4 class=\"woodmart-title-container title wd-fontsize-l\"><\/h4> \n\t\t\t\t\t\t\t<\/div>\n\n\t\t\t\t\t<\/div>\n\t\t\t\t\t\t<\/div>\n\t\t\t\t<\/div>\n\t\t\t\t<div class=\"elementor-element elementor-element-176ac31c elementor-widget elementor-widget-wd_infobox\" data-id=\"176ac31c\" data-element_type=\"widget\" data-widget_type=\"wd_infobox.default\">\n\t\t\t\t<div class=\"elementor-widget-container\">\n\t\t\t\t\t\t\t<div class=\"info-box-wrapper\">\n\t\t\t<div class=\"wd-info-box text-left box-icon-align-left box-style-base color-scheme- wd-items-top\">\n\t\t\t\t\t\t\t\t\t<div class=\"box-icon-wrapper  box-with-icon box-icon-simple\">\n\t\t\t\t\t\t<div class=\"info-box-icon\">\n\t\t\t\t\t\t\t\t\t\t\t\t\t\t\t<div class=\"info-svg-wrapper\" style=\"width:35px; height:35px;\"><img decoding=\"async\"  src=\"https:\/\/kayserifonksiyoneltipdiyetisyeni.com\/wp-content\/uploads\/2025\/05\/bikes-address.svg\" title=\"bikes-address.svg\" width=\"35\" height=\"35\"><\/div>\t\t\t\t\t\t\t\t\t\t\t\t\t<\/div>\n\t\t\t\t\t<\/div>\n\t\t\t\t\n\t\t\t\t<div class=\"info-box-content\">\n\t\t\t\t\t\n\t\t\t\t\t\n\t\t\t\t\t<div class=\"info-box-inner set-cont-mb-s reset-last-child\"data-elementor-setting-key=\"content\"><p><a tabindex=\"0\" href=\"https:\/\/www.google.com\/maps\/place\/\/data=!4m2!3m1!1s0x152b133c8555db53:0x2bdf9541dd617e46?sa=X&amp;ved=1t:8290&amp;ictx=111\" data-url=\"\/maps\/place\/\/data=!4m2!3m1!1s0x152b133c8555db53:0x2bdf9541dd617e46?sa=X&amp;ved=2ahUKEwj4ofm0xqeNAxVMZ_EDHTsPBAQQ4kB6BAgHEAA\">G\u00f6belo\u011flu Plaza, Gevhernesibe, G\u00f6k G\u00e7. No:10 D:5, 38010, 38125 Kocasinan\/Kayseri<\/a><\/p>\n<\/div>\n\n\t\t\t\t\t\t\t\t\t<\/div>\n\n\t\t\t\t\t\t\t<\/div>\n\t\t<\/div>\n\t\t\t\t\t\t<\/div>\n\t\t\t\t<\/div>\n\t\t\t\t\t<\/div>\n\t\t<\/div>\n\t\t\t\t<div class=\"elementor-column elementor-col-33 elementor-top-column elementor-element elementor-element-da266a1\" data-id=\"da266a1\" data-element_type=\"column\">\n\t\t\t<div class=\"elementor-widget-wrap elementor-element-populated\">\n\t\t\t\t\t\t<div class=\"elementor-element elementor-element-446b3127 wd-width-100 elementor-widget elementor-widget-wd_title\" data-id=\"446b3127\" data-element_type=\"widget\" data-widget_type=\"wd_title.default\">\n\t\t\t\t<div class=\"elementor-widget-container\">\n\t\t\t\t\t\t\t<div class=\"title-wrapper set-mb-s reset-last-child wd-title-color-default wd-title-style-default wd-title-size-default text-left\">\n\n\t\t\t\n\t\t\t<div class=\"liner-continer\">\n\t\t\t\t<h4 class=\"woodmart-title-container title wd-fontsize-l\"><\/h4> \n\t\t\t\t\t\t\t<\/div>\n\n\t\t\t\t\t<\/div>\n\t\t\t\t\t\t<\/div>\n\t\t\t\t<\/div>\n\t\t\t\t<div class=\"elementor-element elementor-element-bb456be elementor-widget elementor-widget-wd_infobox\" data-id=\"bb456be\" data-element_type=\"widget\" data-widget_type=\"wd_infobox.default\">\n\t\t\t\t<div class=\"elementor-widget-container\">\n\t\t\t\t\t\t\t<div class=\"info-box-wrapper\">\n\t\t\t<div class=\"wd-info-box text-left box-icon-align-left box-style-base color-scheme- wd-items-top\">\n\t\t\t\t\t\t\t\t\t<div class=\"box-icon-wrapper  box-with-icon box-icon-simple\">\n\t\t\t\t\t\t<div class=\"info-box-icon\">\n\t\t\t\t\t\t\t\t\t\t\t\t\t\t\t<div class=\"info-svg-wrapper\" style=\"width:35px; height:35px;\"><img decoding=\"async\"  src=\"https:\/\/kayserifonksiyoneltipdiyetisyeni.com\/wp-content\/uploads\/2025\/05\/bikes-mobile-phone.svg\" title=\"bikes-mobile-phone.svg\" width=\"35\" height=\"35\"><\/div>\t\t\t\t\t\t\t\t\t\t\t\t\t<\/div>\n\t\t\t\t\t<\/div>\n\t\t\t\t\n\t\t\t\t<div class=\"info-box-content\">\n\t\t\t\t\t\n\t\t\t\t\t\n\t\t\t\t\t<div class=\"info-box-inner set-cont-mb-s reset-last-child\"data-elementor-setting-key=\"content\"><p><a href=\"https:\/\/www.google.com\/search?q=kayseri+diyetisyen+sevdenur+y%C4%B1lmaz&amp;client=tablet-android-honor&amp;sca_esv=6675700340da7af0&amp;sxsrf=AHTn8zpvbId_dHmwrnHJxvxYSeCzH96HYg%3A1747383371769&amp;ei=S_QmaKXXLsGHxc8Pj9vvmQo&amp;oq=Kayseri+diyetisyen+sevde&amp;gs_lp=Egxnd3Mtd2l6LXNlcnAiGEtheXNlcmkgZGl5ZXRpc3llbiBzZXZkZSoCCAAyBRAhGKABMgUQIRigATIFECEYoAFI07YBUNgKWMGlAXAHeACQAQKYAbwBoAHCJqoBBDAuMzW4AQHIAQD4AQGYAiKgAtsiqAIUwgIIEAAYgAQYsAPCAgsQABiABBiwAxiiBMICCBAAGLADGO8FwgIKECMYgAQYJxiKBcICDhAuGIAEGMcBGI4FGK8BwgIFEAAYgATCAgcQABiABBgKwgIHECMYJxjqAsICEBAuGAMYtAIY6gIYjwHYAQHCAhAQABgDGLQCGOoCGI8B2AEBwgIPECMYgAQYJxiKBRhGGPsBwgIEECMYJ8ICDhAAGIAEGLEDGIMBGIoFwgILEAAYgAQYsQMYgwHCAg4QLhiABBixAxiDARiKBcICGRAAGIAEGIoFGEYY-wEYlwUYjAUY3QTYAQHCAgoQLhiABBhDGIoFwgILEC4YgAQYsQMYgwHCAhAQLhiABBixAxhDGIMBGIoFwgIKEAAYgAQYQxiKBcICCBAuGIAEGLEDwgIQEAAYgAQYsQMYQxiDARiKBcICCBAAGIAEGLEDwgIEEAAYA8ICBRAuGIAEwgIREC4YgAQYsQMYgwEYxwEYrwHCAg4QLhiABBixAxjHARivAcICERAuGIAEGMcBGJgFGJkFGK8BwgILEC4YgAQYxwEYrwHCAgYQABgWGB7CAggQABiABBiiBMICCBAAGKIEGIkFwgIFEAAY7wXCAgQQIRgVwgIFECEYnwXCAgcQIRigARgKmAMW8QVE1AtGl6XJUYgGAZAGBLoGBggBEAEYCpIHBjcuMjYuMaAHs_0DsgcGMC4yNi4xuAeAIsIHCDItNi4yNC40yAe-Aw&amp;sclient=gws-wiz-serp#\" data-dtype=\"d3ph\" data-local-attribute=\"d3ph\" data-ved=\"2ahUKEwj4ofm0xqeNAxVMZ_EDHTsPBAQQkAgoAHoECEMQAw\"><span aria-label=\"0538 384 27 38 Numaral\u0131 Telefonu Ara\">0538 384 27 38<\/span><\/a><\/p>\n<\/div>\n\n\t\t\t\t\t\t\t\t\t<\/div>\n\n\t\t\t\t\t\t\t<\/div>\n\t\t<\/div>\n\t\t\t\t\t\t<\/div>\n\t\t\t\t<\/div>\n\t\t\t\t<div class=\"elementor-element elementor-element-4dae4267 elementor-widget elementor-widget-wd_infobox\" data-id=\"4dae4267\" data-element_type=\"widget\" data-widget_type=\"wd_infobox.default\">\n\t\t\t\t<div class=\"elementor-widget-container\">\n\t\t\t\t\t\t\t<div class=\"info-box-wrapper\">\n\t\t\t<div class=\"wd-info-box text-left box-icon-align-left box-style-base color-scheme- wd-items-top\">\n\t\t\t\t\t\t\t\t\t<div class=\"box-icon-wrapper  box-with-icon box-icon-simple\">\n\t\t\t\t\t\t<div class=\"info-box-icon\">\n\t\t\t\t\t\t\t\t\t\t\t\t\t\t\t<div class=\"info-svg-wrapper\" style=\"width:35px; height:35px;\"><img decoding=\"async\"  src=\"https:\/\/kayserifonksiyoneltipdiyetisyeni.com\/wp-content\/uploads\/2025\/05\/bikes-mail.svg\" title=\"bikes-mail.svg\" width=\"35\" height=\"35\"><\/div>\t\t\t\t\t\t\t\t\t\t\t\t\t<\/div>\n\t\t\t\t\t<\/div>\n\t\t\t\t\n\t\t\t\t<div class=\"info-box-content\">\n\t\t\t\t\t\n\t\t\t\t\t\n\t\t\t\t\t<div class=\"info-box-inner set-cont-mb-s reset-last-child\"data-elementor-setting-key=\"content\"><p>kayserifonksiyoneltipdiyeti@gmail.com<\/p>\n<\/div>\n\n\t\t\t\t\t\t\t\t\t<\/div>\n\n\t\t\t\t\t\t\t<\/div>\n\t\t<\/div>\n\t\t\t\t\t\t<\/div>\n\t\t\t\t<\/div>\n\t\t\t\t\t<\/div>\n\t\t<\/div>\n\t\t\t\t\t<\/div>\n\t\t<\/section>\n\t\t<div class=\"wd-negative-gap elementor-element elementor-element-9461cc7 e-flex e-con-boxed e-con e-parent\" data-id=\"9461cc7\" data-element_type=\"container\">\n\t\t\t\t\t<div class=\"e-con-inner\">\n\t\t\t\t<div class=\"elementor-element elementor-element-b6d8f04 elementor-widget elementor-widget-google_maps\" data-id=\"b6d8f04\" data-element_type=\"widget\" data-widget_type=\"google_maps.default\">\n\t\t\t\t<div class=\"elementor-widget-container\">\n\t\t\t\t\t\t\t<div class=\"elementor-custom-embed\">\n\t\t\t<iframe loading=\"lazy\"\n\t\t\t\t\tsrc=\"https:\/\/maps.google.com\/maps?q=Kayseri%20Fonksiyonel%20T%C4%B1p%20Diyeti%2CG%C3%B6belo%C4%9Flu%20Plaza%2C%20Gevhernesibe%2C%20G%C3%B6k%20G%C3%A7.%20No%3A10%20D%3A5%2C%2038010%2C%2038125%20Kocasinan%2FKayseri&#038;t=m&#038;z=10&#038;output=embed&#038;iwloc=near\"\n\t\t\t\t\ttitle=\"Kayseri Fonksiyonel T\u0131p Diyeti,G\u00f6belo\u011flu Plaza, Gevhernesibe, G\u00f6k G\u00e7. No:10 D:5, 38010, 38125 Kocasinan\/Kayseri\"\n\t\t\t\t\taria-label=\"Kayseri Fonksiyonel T\u0131p Diyeti,G\u00f6belo\u011flu Plaza, Gevhernesibe, G\u00f6k G\u00e7. No:10 D:5, 38010, 38125 Kocasinan\/Kayseri\"\n\t\t\t><\/iframe>\n\t\t<\/div>\n\t\t\t\t\t\t<\/div>\n\t\t\t\t<\/div>\n\t\t\t\t\t<\/div>\n\t\t\t\t<\/div>\n\t\t\t\t<\/div>\n\t\t","protected":false},"excerpt":{"rendered":"<p>\u0130leti\u015fim G\u00f6belo\u011flu Plaza, Gevhernesibe, G\u00f6k G\u00e7. No:10 D:5, 38010, 38125 Kocasinan\/Kayseri 0538 384 27 38 kayserifonksiyoneltipdiyeti@gmail.com<\/p>\n","protected":false},"author":1,"featured_media":0,"parent":0,"menu_order":0,"comment_status":"closed","ping_status":"closed","template":"","meta":{"footnotes":""},"class_list":["post-15742","page","type-page","status-publish","hentry"],"_links":{"self":[{"href":"https:\/\/kayserifonksiyoneltipdiyetisyeni.com\/index.php\/wp-json\/wp\/v2\/pages\/15742","targetHints":{"allow":["GET"]}}],"collection":[{"href":"https:\/\/kayserifonksiyoneltipdiyetisyeni.com\/index.php\/wp-json\/wp\/v2\/pages"}],"about":[{"href":"https:\/\/kayserifonksiyoneltipdiyetisyeni.com\/index.php\/wp-json\/wp\/v2\/types\/page"}],"author":[{"embeddable":true,"href":"https:\/\/kayserifonksiyoneltipdiyetisyeni.com\/index.php\/wp-json\/wp\/v2\/users\/1"}],"replies":[{"embeddable":true,"href":"https:\/\/kayserifonksiyoneltipdiyetisyeni.com\/index.php\/wp-json\/wp\/v2\/comments?post=15742"}],"version-history":[{"count":10,"href":"https:\/\/kayserifonksiyoneltipdiyetisyeni.com\/index.php\/wp-json\/wp\/v2\/pages\/15742\/revisions"}],"predecessor-version":[{"id":15759,"href":"https:\/\/kayserifonksiyoneltipdiyetisyeni.com\/index.php\/wp-json\/wp\/v2\/pages\/15742\/revisions\/15759"}],"wp:attachment":[{"href":"https:\/\/kayserifonksiyoneltipdiyetisyeni.com\/index.php\/wp-json\/wp\/v2\/media?parent=15742"}],"curies":[{"name":"wp","href":"https:\/\/api.w.org\/{rel}","templated":true}]}}