{"id":15721,"date":"2025-05-16T13:52:23","date_gmt":"2025-05-16T13:52:23","guid":{"rendered":"https:\/\/kayserifonksiyoneltipdiyetisyeni.com\/?page_id=15721"},"modified":"2025-05-16T14:05:28","modified_gmt":"2025-05-16T14:05:28","slug":"egzama-sedef-beslenmesi","status":"publish","type":"page","link":"https:\/\/kayserifonksiyoneltipdiyetisyeni.com\/index.php\/egzama-sedef-beslenmesi\/","title":{"rendered":"Kayseri Egzama-Sedef Beslenmesi"},"content":{"rendered":"\t\t<div data-elementor-type=\"wp-page\" data-elementor-id=\"15721\" class=\"elementor elementor-15721\">\n\t\t\t\t\t\t<section class=\"wd-negative-gap elementor-section elementor-top-section elementor-element elementor-element-59aa1a26 elementor-section-content-middle elementor-section-boxed elementor-section-height-default elementor-section-height-default\" data-id=\"59aa1a26\" data-element_type=\"section\">\n\t\t\t\t\t\t<div class=\"elementor-container elementor-column-gap-wide\">\n\t\t\t\t\t<div class=\"elementor-column elementor-col-50 elementor-top-column elementor-element elementor-element-3b243351\" data-id=\"3b243351\" data-element_type=\"column\">\n\t\t\t<div class=\"elementor-widget-wrap elementor-element-populated\">\n\t\t\t\t\t\t<div class=\"elementor-element elementor-element-4e79ce80 elementor-widget elementor-widget-image\" data-id=\"4e79ce80\" data-element_type=\"widget\" data-widget_type=\"image.default\">\n\t\t\t\t<div class=\"elementor-widget-container\">\n\t\t\t\t\t\t\t\t\t\t\t\t\t\t\t<img decoding=\"async\" src=\"https:\/\/kayserifonksiyoneltipdiyetisyeni.com\/wp-content\/uploads\/elementor\/thumbs\/Adsiz-tasarim-77-r5wauwanyb8hnqecx8flts71qf9k45d3hqqod9ooq0.png\" title=\"Ads\u0131z tasar\u0131m (77)\" alt=\"Ads\u0131z tasar\u0131m (77)\" loading=\"lazy\" \/>\t\t\t\t\t\t\t\t\t\t\t\t\t\t\t<\/div>\n\t\t\t\t<\/div>\n\t\t\t\t\t<\/div>\n\t\t<\/div>\n\t\t\t\t<div class=\"elementor-column elementor-col-50 elementor-top-column elementor-element elementor-element-77488c0\" data-id=\"77488c0\" data-element_type=\"column\">\n\t\t\t<div class=\"elementor-widget-wrap elementor-element-populated\">\n\t\t\t\t\t\t<div class=\"elementor-element elementor-element-6afaccaf wd-width-100 elementor-widget elementor-widget-wd_title\" data-id=\"6afaccaf\" data-element_type=\"widget\" data-widget_type=\"wd_title.default\">\n\t\t\t\t<div class=\"elementor-widget-container\">\n\t\t\t\t\t\t\t<div class=\"title-wrapper set-mb-s reset-last-child wd-title-color-default wd-title-style-default wd-title-size-default text-left\">\n\n\t\t\t\n\t\t\t<div class=\"liner-continer\">\n\t\t\t\t<h4 class=\"woodmart-title-container title wd-fontsize-l\">Egzema-Sedef Beslenmesi<\/h4> \n\t\t\t\t\t\t\t<\/div>\n\n\t\t\t\t\t\t\t<div class=\"title-after_title set-cont-mb-s reset-last-child wd-fontsize-xs\">\n\t\t\t\t\t<p>Sedef hastal\u0131\u011f\u0131 kronik bir otoimm\u00fcn hastal\u0131k olup ciltteki kronik inflamasyon ile karakterizedir. Bu imm\u00fcn kaynakl\u0131 hastal\u0131\u011f\u0131n uyaranlar\u0131ndan birinin de s\u0131zd\u0131ran ba\u011f\u0131rsak sendromu olabilece\u011fi d\u00fc\u015f\u00fcn\u00fclmektedir. Bu nedenle tedavinin bir beslenme program\u0131 ile desteklenmesi \u00f6nemlidir.Egzama hastas\u0131 olan ki\u015filerin \u00e7o\u011funa ayn\u0131 zamanda g\u0131da alerjileri\u00a0Ancak her vaka farkl\u0131d\u0131r, bu nedenle egzama ve alerjilerle ilgili sorunlar\u0131 azaltmak i\u00e7in ki\u015fisel yiyecek gereksinimlerinizi ke\u015ffetmek \u00f6nemlidir.<\/p>\t\t\t\t<\/div>\n\t\t\t\t\t<\/div>\n\t\t\t\t\t\t<\/div>\n\t\t\t\t<\/div>\n\t\t\t\t\t<\/div>\n\t\t<\/div>\n\t\t\t\t\t<\/div>\n\t\t<\/section>\n\t\t\t\t<\/div>\n\t\t","protected":false},"excerpt":{"rendered":"<p>Egzema-Sedef Beslenmesi Sedef hastal\u0131\u011f\u0131 kronik bir otoimm\u00fcn hastal\u0131k olup ciltteki kronik inflamasyon ile karakterizedir. Bu imm\u00fcn kaynakl\u0131 hastal\u0131\u011f\u0131n uyaranlar\u0131ndan birinin<\/p>\n","protected":false},"author":1,"featured_media":0,"parent":0,"menu_order":0,"comment_status":"closed","ping_status":"closed","template":"","meta":{"footnotes":""},"class_list":["post-15721","page","type-page","status-publish","hentry"],"_links":{"self":[{"href":"https:\/\/kayserifonksiyoneltipdiyetisyeni.com\/index.php\/wp-json\/wp\/v2\/pages\/15721","targetHints":{"allow":["GET"]}}],"collection":[{"href":"https:\/\/kayserifonksiyoneltipdiyetisyeni.com\/index.php\/wp-json\/wp\/v2\/pages"}],"about":[{"href":"https:\/\/kayserifonksiyoneltipdiyetisyeni.com\/index.php\/wp-json\/wp\/v2\/types\/page"}],"author":[{"embeddable":true,"href":"https:\/\/kayserifonksiyoneltipdiyetisyeni.com\/index.php\/wp-json\/wp\/v2\/users\/1"}],"replies":[{"embeddable":true,"href":"https:\/\/kayserifonksiyoneltipdiyetisyeni.com\/index.php\/wp-json\/wp\/v2\/comments?post=15721"}],"version-history":[{"count":5,"href":"https:\/\/kayserifonksiyoneltipdiyetisyeni.com\/index.php\/wp-json\/wp\/v2\/pages\/15721\/revisions"}],"predecessor-version":[{"id":15729,"href":"https:\/\/kayserifonksiyoneltipdiyetisyeni.com\/index.php\/wp-json\/wp\/v2\/pages\/15721\/revisions\/15729"}],"wp:attachment":[{"href":"https:\/\/kayserifonksiyoneltipdiyetisyeni.com\/index.php\/wp-json\/wp\/v2\/media?parent=15721"}],"curies":[{"name":"wp","href":"https:\/\/api.w.org\/{rel}","templated":true}]}}