{"id":15711,"date":"2025-05-16T13:42:45","date_gmt":"2025-05-16T13:42:45","guid":{"rendered":"https:\/\/kayserifonksiyoneltipdiyetisyeni.com\/?page_id=15711"},"modified":"2025-05-16T13:51:15","modified_gmt":"2025-05-16T13:51:15","slug":"hashimato-beslenmesi","status":"publish","type":"page","link":"https:\/\/kayserifonksiyoneltipdiyetisyeni.com\/index.php\/hashimato-beslenmesi\/","title":{"rendered":"Kayseri Hashimato Beslenmesi"},"content":{"rendered":"\t\t<div data-elementor-type=\"wp-page\" data-elementor-id=\"15711\" class=\"elementor elementor-15711\">\n\t\t\t\t\t\t<section class=\"wd-negative-gap elementor-section elementor-top-section elementor-element elementor-element-5e5c9efa elementor-section-content-middle elementor-section-boxed elementor-section-height-default elementor-section-height-default\" data-id=\"5e5c9efa\" data-element_type=\"section\">\n\t\t\t\t\t\t<div class=\"elementor-container elementor-column-gap-wide\">\n\t\t\t\t\t<div class=\"elementor-column elementor-col-50 elementor-top-column elementor-element elementor-element-110665bd\" data-id=\"110665bd\" data-element_type=\"column\">\n\t\t\t<div class=\"elementor-widget-wrap elementor-element-populated\">\n\t\t\t\t\t\t<div class=\"elementor-element elementor-element-567bbe24 elementor-widget elementor-widget-image\" data-id=\"567bbe24\" data-element_type=\"widget\" data-widget_type=\"image.default\">\n\t\t\t\t<div class=\"elementor-widget-container\">\n\t\t\t\t\t\t\t\t\t\t\t\t\t\t\t<img decoding=\"async\" src=\"https:\/\/kayserifonksiyoneltipdiyetisyeni.com\/wp-content\/uploads\/elementor\/thumbs\/Adsiz-tasarim-76-r5waeh26jir4t095tmv9rfe4327omj5xkge9i81bfs.png\" title=\"Ads\u0131z tasar\u0131m (76)\" alt=\"Ads\u0131z tasar\u0131m (76)\" loading=\"lazy\" \/>\t\t\t\t\t\t\t\t\t\t\t\t\t\t\t<\/div>\n\t\t\t\t<\/div>\n\t\t\t\t\t<\/div>\n\t\t<\/div>\n\t\t\t\t<div class=\"elementor-column elementor-col-50 elementor-top-column elementor-element elementor-element-369f061f\" data-id=\"369f061f\" data-element_type=\"column\">\n\t\t\t<div class=\"elementor-widget-wrap elementor-element-populated\">\n\t\t\t\t\t\t<div class=\"elementor-element elementor-element-59b0df92 wd-width-100 elementor-widget elementor-widget-wd_title\" data-id=\"59b0df92\" data-element_type=\"widget\" data-widget_type=\"wd_title.default\">\n\t\t\t\t<div class=\"elementor-widget-container\">\n\t\t\t\t\t\t\t<div class=\"title-wrapper set-mb-s reset-last-child wd-title-color-default wd-title-style-default wd-title-size-default text-left\">\n\n\t\t\t\n\t\t\t<div class=\"liner-continer\">\n\t\t\t\t<h4 class=\"woodmart-title-container title wd-fontsize-l\">Hashimato Beslenmesi<\/h4> \n\t\t\t\t\t\t\t<\/div>\n\n\t\t\t\t\t\t\t<div class=\"title-after_title set-cont-mb-s reset-last-child wd-fontsize-xs\">\n\t\t\t\t\t<p>kronikle\u015fen hastal\u0131\u011f\u0131n semptomlar\u0131n\u0131n azalmas\u0131nda ve ki\u015finin hayat kalitesinin artmas\u0131nda destekleyicidir. Bu nedenle ha\u015fimato beslenme listesinin do\u011fru bir \u015fekilde d\u00fczenlenmesi ki\u015finin fiziksel ve zihinsel performans\u0131n\u0131 artt\u0131rabilir. Ayn\u0131 zamanda\u00a0<a href=\"https:\/\/www.medicalpark.com.tr\/otoimmun-hastaliklar\/hg-1962\" target=\"_self\">otoimm\u00fcn<\/a>\u00a0bir hastal\u0131k olmas\u0131nda dolay\u0131 ki\u015fiye uygun yiyeceklerin ve i\u00e7eceklerin t\u00fcketilmesi semptomlar\u0131n a\u011f\u0131rla\u015fmas\u0131n\u0131 da engeller.\u00a0<\/p>\t\t\t\t<\/div>\n\t\t\t\t\t<\/div>\n\t\t\t\t\t\t<\/div>\n\t\t\t\t<\/div>\n\t\t\t\t\t<\/div>\n\t\t<\/div>\n\t\t\t\t\t<\/div>\n\t\t<\/section>\n\t\t\t\t<\/div>\n\t\t","protected":false},"excerpt":{"rendered":"<p>Hashimato Beslenmesi kronikle\u015fen hastal\u0131\u011f\u0131n semptomlar\u0131n\u0131n azalmas\u0131nda ve ki\u015finin hayat kalitesinin artmas\u0131nda destekleyicidir. Bu nedenle ha\u015fimato beslenme listesinin do\u011fru bir \u015fekilde<\/p>\n","protected":false},"author":1,"featured_media":0,"parent":0,"menu_order":0,"comment_status":"closed","ping_status":"closed","template":"","meta":{"footnotes":""},"class_list":["post-15711","page","type-page","status-publish","hentry"],"_links":{"self":[{"href":"https:\/\/kayserifonksiyoneltipdiyetisyeni.com\/index.php\/wp-json\/wp\/v2\/pages\/15711","targetHints":{"allow":["GET"]}}],"collection":[{"href":"https:\/\/kayserifonksiyoneltipdiyetisyeni.com\/index.php\/wp-json\/wp\/v2\/pages"}],"about":[{"href":"https:\/\/kayserifonksiyoneltipdiyetisyeni.com\/index.php\/wp-json\/wp\/v2\/types\/page"}],"author":[{"embeddable":true,"href":"https:\/\/kayserifonksiyoneltipdiyetisyeni.com\/index.php\/wp-json\/wp\/v2\/users\/1"}],"replies":[{"embeddable":true,"href":"https:\/\/kayserifonksiyoneltipdiyetisyeni.com\/index.php\/wp-json\/wp\/v2\/comments?post=15711"}],"version-history":[{"count":6,"href":"https:\/\/kayserifonksiyoneltipdiyetisyeni.com\/index.php\/wp-json\/wp\/v2\/pages\/15711\/revisions"}],"predecessor-version":[{"id":15720,"href":"https:\/\/kayserifonksiyoneltipdiyetisyeni.com\/index.php\/wp-json\/wp\/v2\/pages\/15711\/revisions\/15720"}],"wp:attachment":[{"href":"https:\/\/kayserifonksiyoneltipdiyetisyeni.com\/index.php\/wp-json\/wp\/v2\/media?parent=15711"}],"curies":[{"name":"wp","href":"https:\/\/api.w.org\/{rel}","templated":true}]}}