{"id":15704,"date":"2025-05-16T13:17:46","date_gmt":"2025-05-16T13:17:46","guid":{"rendered":"https:\/\/kayserifonksiyoneltipdiyetisyeni.com\/?page_id=15704"},"modified":"2025-05-16T13:36:43","modified_gmt":"2025-05-16T13:36:43","slug":"kayseri-sibo-diyeti","status":"publish","type":"page","link":"https:\/\/kayserifonksiyoneltipdiyetisyeni.com\/index.php\/kayseri-sibo-diyeti\/","title":{"rendered":"Kayseri S\u0130BO Diyeti"},"content":{"rendered":"\t\t<div data-elementor-type=\"wp-page\" data-elementor-id=\"15704\" class=\"elementor elementor-15704\">\n\t\t\t\t\t\t<section class=\"wd-negative-gap elementor-section elementor-top-section elementor-element elementor-element-756068b9 elementor-section-content-middle elementor-section-boxed elementor-section-height-default elementor-section-height-default\" data-id=\"756068b9\" data-element_type=\"section\">\n\t\t\t\t\t\t<div class=\"elementor-container elementor-column-gap-wide\">\n\t\t\t\t\t<div class=\"elementor-column elementor-col-50 elementor-top-column elementor-element elementor-element-5746953d\" data-id=\"5746953d\" data-element_type=\"column\">\n\t\t\t<div class=\"elementor-widget-wrap elementor-element-populated\">\n\t\t\t\t\t\t<div class=\"elementor-element elementor-element-5d4053e5 elementor-widget elementor-widget-image\" data-id=\"5d4053e5\" data-element_type=\"widget\" data-widget_type=\"image.default\">\n\t\t\t\t<div class=\"elementor-widget-container\">\n\t\t\t\t\t\t\t\t\t\t\t\t\t\t\t<img decoding=\"async\" src=\"https:\/\/kayserifonksiyoneltipdiyetisyeni.com\/wp-content\/uploads\/elementor\/thumbs\/Adsiz-tasarim-75-r5w9b2nq2itg5fhgw3r8qvbjomesz9qz5fykboge94.png\" title=\"Ads\u0131z tasar\u0131m (75)\" alt=\"Ads\u0131z tasar\u0131m (75)\" loading=\"lazy\" \/>\t\t\t\t\t\t\t\t\t\t\t\t\t\t\t<\/div>\n\t\t\t\t<\/div>\n\t\t\t\t\t<\/div>\n\t\t<\/div>\n\t\t\t\t<div class=\"elementor-column elementor-col-50 elementor-top-column elementor-element elementor-element-2ba02c6e\" data-id=\"2ba02c6e\" data-element_type=\"column\">\n\t\t\t<div class=\"elementor-widget-wrap elementor-element-populated\">\n\t\t\t\t\t\t<div class=\"elementor-element elementor-element-7c2a5ffe wd-width-100 elementor-widget elementor-widget-wd_title\" data-id=\"7c2a5ffe\" data-element_type=\"widget\" data-widget_type=\"wd_title.default\">\n\t\t\t\t<div class=\"elementor-widget-container\">\n\t\t\t\t\t\t\t<div class=\"title-wrapper set-mb-s reset-last-child wd-title-color-default wd-title-style-default wd-title-size-default text-left\">\n\n\t\t\t\n\t\t\t<div class=\"liner-continer\">\n\t\t\t\t<h4 class=\"woodmart-title-container title wd-fontsize-l\">S\u0130BO Diyeti<\/h4> \n\t\t\t\t\t\t\t<\/div>\n\n\t\t\t\t\t\t\t<div class=\"title-after_title set-cont-mb-s reset-last-child wd-fontsize-xs\">\n\t\t\t\t\t<p>\u0130nce Ba\u011f\u0131rsaklar besin \u00f6\u011felerinin emiliminin ger\u00e7ekle\u015fti\u011fi ve ba\u011f\u0131\u015f\u0131kl\u0131k h\u00fccrelerinden olu\u015fan mukozas\u0131yla, sindirimin ve ba\u011f\u0131\u015f\u0131k sisteminin \u00f6nemli bir par\u00e7as\u0131d\u0131r. \u0130nce ba\u011f\u0131rsak mukozas\u0131nda meydana gelen hasar, g\u0131da allerjilerine yol a\u00e7abilmektedir. Bakterileri besleyen ve b\u00fcy\u00fcmelerini h\u0131zland\u0131ran karbonhidrat i\u00e7eri\u011fi y\u00fcksek besinler diyetten \u00e7\u0131kar\u0131larak semptomlar hafifletilebilir.<\/p>\t\t\t\t<\/div>\n\t\t\t\t\t<\/div>\n\t\t\t\t\t\t<\/div>\n\t\t\t\t<\/div>\n\t\t\t\t\t<\/div>\n\t\t<\/div>\n\t\t\t\t\t<\/div>\n\t\t<\/section>\n\t\t\t\t<\/div>\n\t\t","protected":false},"excerpt":{"rendered":"<p>S\u0130BO Diyeti \u0130nce Ba\u011f\u0131rsaklar besin \u00f6\u011felerinin emiliminin ger\u00e7ekle\u015fti\u011fi ve ba\u011f\u0131\u015f\u0131kl\u0131k h\u00fccrelerinden olu\u015fan mukozas\u0131yla, sindirimin ve ba\u011f\u0131\u015f\u0131k sisteminin \u00f6nemli bir par\u00e7as\u0131d\u0131r.<\/p>\n","protected":false},"author":1,"featured_media":0,"parent":0,"menu_order":0,"comment_status":"closed","ping_status":"closed","template":"","meta":{"footnotes":""},"class_list":["post-15704","page","type-page","status-publish","hentry"],"_links":{"self":[{"href":"https:\/\/kayserifonksiyoneltipdiyetisyeni.com\/index.php\/wp-json\/wp\/v2\/pages\/15704","targetHints":{"allow":["GET"]}}],"collection":[{"href":"https:\/\/kayserifonksiyoneltipdiyetisyeni.com\/index.php\/wp-json\/wp\/v2\/pages"}],"about":[{"href":"https:\/\/kayserifonksiyoneltipdiyetisyeni.com\/index.php\/wp-json\/wp\/v2\/types\/page"}],"author":[{"embeddable":true,"href":"https:\/\/kayserifonksiyoneltipdiyetisyeni.com\/index.php\/wp-json\/wp\/v2\/users\/1"}],"replies":[{"embeddable":true,"href":"https:\/\/kayserifonksiyoneltipdiyetisyeni.com\/index.php\/wp-json\/wp\/v2\/comments?post=15704"}],"version-history":[{"count":4,"href":"https:\/\/kayserifonksiyoneltipdiyetisyeni.com\/index.php\/wp-json\/wp\/v2\/pages\/15704\/revisions"}],"predecessor-version":[{"id":15710,"href":"https:\/\/kayserifonksiyoneltipdiyetisyeni.com\/index.php\/wp-json\/wp\/v2\/pages\/15704\/revisions\/15710"}],"wp:attachment":[{"href":"https:\/\/kayserifonksiyoneltipdiyetisyeni.com\/index.php\/wp-json\/wp\/v2\/media?parent=15704"}],"curies":[{"name":"wp","href":"https:\/\/api.w.org\/{rel}","templated":true}]}}