{"id":15697,"date":"2025-05-16T13:08:08","date_gmt":"2025-05-16T13:08:08","guid":{"rendered":"https:\/\/kayserifonksiyoneltipdiyetisyeni.com\/?page_id=15697"},"modified":"2025-05-16T13:16:47","modified_gmt":"2025-05-16T13:16:47","slug":"kayseri-vitiligo-beslenmesi","status":"publish","type":"page","link":"https:\/\/kayserifonksiyoneltipdiyetisyeni.com\/index.php\/kayseri-vitiligo-beslenmesi\/","title":{"rendered":"Kayseri Vitiligo Beslenmesi"},"content":{"rendered":"\t\t<div data-elementor-type=\"wp-page\" data-elementor-id=\"15697\" class=\"elementor elementor-15697\">\n\t\t\t\t\t\t<section class=\"wd-negative-gap elementor-section elementor-top-section elementor-element elementor-element-2c8af32e elementor-section-content-middle elementor-section-boxed elementor-section-height-default elementor-section-height-default\" data-id=\"2c8af32e\" data-element_type=\"section\">\n\t\t\t\t\t\t<div class=\"elementor-container elementor-column-gap-wide\">\n\t\t\t\t\t<div class=\"elementor-column elementor-col-50 elementor-top-column elementor-element elementor-element-6b66681\" data-id=\"6b66681\" data-element_type=\"column\">\n\t\t\t<div class=\"elementor-widget-wrap elementor-element-populated\">\n\t\t\t\t\t\t<div class=\"elementor-element elementor-element-3a66952 elementor-widget elementor-widget-image\" data-id=\"3a66952\" data-element_type=\"widget\" data-widget_type=\"image.default\">\n\t\t\t\t<div class=\"elementor-widget-container\">\n\t\t\t\t\t\t\t\t\t\t\t\t\t\t\t<img decoding=\"async\" src=\"https:\/\/kayserifonksiyoneltipdiyetisyeni.com\/wp-content\/uploads\/elementor\/thumbs\/Adsiz-tasarim-74-r5w92m40k78jnrruag44b0677s3vpc5xzkl8u0zy94.png\" title=\"Ads\u0131z tasar\u0131m (74)\" alt=\"Ads\u0131z tasar\u0131m (74)\" loading=\"lazy\" \/>\t\t\t\t\t\t\t\t\t\t\t\t\t\t\t<\/div>\n\t\t\t\t<\/div>\n\t\t\t\t\t<\/div>\n\t\t<\/div>\n\t\t\t\t<div class=\"elementor-column elementor-col-50 elementor-top-column elementor-element elementor-element-19458d41\" data-id=\"19458d41\" data-element_type=\"column\">\n\t\t\t<div class=\"elementor-widget-wrap elementor-element-populated\">\n\t\t\t\t\t\t<div class=\"elementor-element elementor-element-355e0b5b wd-width-100 elementor-widget elementor-widget-wd_title\" data-id=\"355e0b5b\" data-element_type=\"widget\" data-widget_type=\"wd_title.default\">\n\t\t\t\t<div class=\"elementor-widget-container\">\n\t\t\t\t\t\t\t<div class=\"title-wrapper set-mb-s reset-last-child wd-title-color-default wd-title-style-default wd-title-size-default text-left\">\n\n\t\t\t\n\t\t\t<div class=\"liner-continer\">\n\t\t\t\t<h4 class=\"woodmart-title-container title wd-fontsize-l\">Vitiligo Beslenmesi<\/h4> \n\t\t\t\t\t\t\t<\/div>\n\n\t\t\t\t\t\t\t<div class=\"title-after_title set-cont-mb-s reset-last-child wd-fontsize-xs\">\n\t\t\t\t\t<p>Vitiligo esas olarak bir otoimm\u00fcn sorundur ve tedavisi i\u00e7in Ayurveda en iyisi olarak kabul edilir \u00e7\u00fcnk\u00fc v\u00fccudun bozulmu\u015f ba\u011f\u0131\u015f\u0131kl\u0131k sistemini g\u00fc\u00e7lendirmeye \u00e7al\u0131\u015f\u0131r. Uygun bir ba\u011f\u0131\u015f\u0131kl\u0131k sistemi Vitiligo'nun tedavisine ve \u00f6nlenmesine yard\u0131mc\u0131 olur. Bu nedenle, ba\u011f\u0131\u015f\u0131kl\u0131k sistemini \u0130yile\u015ftirmeye yard\u0131mc\u0131 olan diyet t\u00fcr\u00fc beyaz lekelerin kontrol\u00fcnde yard\u0131mc\u0131 olarak g\u00f6r\u00fcl\u00fcr. Bu t\u00fcr diyet sadece yay\u0131lma kontrol\u00fcne yard\u0131mc\u0131 olmakla kalmaz, ayn\u0131 zamanda lekelerin daha h\u0131zl\u0131 iyile\u015fmesine de yard\u0131mc\u0131 olur. D vitamini, B12 vitamini a\u00e7\u0131s\u0131ndan zengin g\u0131da maddelerinin eklenmesi bu t\u00fcr g\u0131da maddeleridir. Son \u00e7al\u0131\u015fmalar havu\u00e7ta bulunan beta-karoten t\u00fcketimini \u00f6nermektedir.<\/p>\t\t\t\t<\/div>\n\t\t\t\t\t<\/div>\n\t\t\t\t\t\t<\/div>\n\t\t\t\t<\/div>\n\t\t\t\t\t<\/div>\n\t\t<\/div>\n\t\t\t\t\t<\/div>\n\t\t<\/section>\n\t\t\t\t<\/div>\n\t\t","protected":false},"excerpt":{"rendered":"<p>Vitiligo Beslenmesi Vitiligo esas olarak bir otoimm\u00fcn sorundur ve tedavisi i\u00e7in Ayurveda en iyisi olarak kabul edilir \u00e7\u00fcnk\u00fc v\u00fccudun bozulmu\u015f<\/p>\n","protected":false},"author":1,"featured_media":0,"parent":0,"menu_order":0,"comment_status":"closed","ping_status":"closed","template":"","meta":{"footnotes":""},"class_list":["post-15697","page","type-page","status-publish","hentry"],"_links":{"self":[{"href":"https:\/\/kayserifonksiyoneltipdiyetisyeni.com\/index.php\/wp-json\/wp\/v2\/pages\/15697","targetHints":{"allow":["GET"]}}],"collection":[{"href":"https:\/\/kayserifonksiyoneltipdiyetisyeni.com\/index.php\/wp-json\/wp\/v2\/pages"}],"about":[{"href":"https:\/\/kayserifonksiyoneltipdiyetisyeni.com\/index.php\/wp-json\/wp\/v2\/types\/page"}],"author":[{"embeddable":true,"href":"https:\/\/kayserifonksiyoneltipdiyetisyeni.com\/index.php\/wp-json\/wp\/v2\/users\/1"}],"replies":[{"embeddable":true,"href":"https:\/\/kayserifonksiyoneltipdiyetisyeni.com\/index.php\/wp-json\/wp\/v2\/comments?post=15697"}],"version-history":[{"count":4,"href":"https:\/\/kayserifonksiyoneltipdiyetisyeni.com\/index.php\/wp-json\/wp\/v2\/pages\/15697\/revisions"}],"predecessor-version":[{"id":15703,"href":"https:\/\/kayserifonksiyoneltipdiyetisyeni.com\/index.php\/wp-json\/wp\/v2\/pages\/15697\/revisions\/15703"}],"wp:attachment":[{"href":"https:\/\/kayserifonksiyoneltipdiyetisyeni.com\/index.php\/wp-json\/wp\/v2\/media?parent=15697"}],"curies":[{"name":"wp","href":"https:\/\/api.w.org\/{rel}","templated":true}]}}