{"id":15688,"date":"2025-05-16T12:57:40","date_gmt":"2025-05-16T12:57:40","guid":{"rendered":"https:\/\/kayserifonksiyoneltipdiyetisyeni.com\/?page_id=15688"},"modified":"2025-05-16T13:07:04","modified_gmt":"2025-05-16T13:07:04","slug":"otizm-beslenmesi","status":"publish","type":"page","link":"https:\/\/kayserifonksiyoneltipdiyetisyeni.com\/index.php\/otizm-beslenmesi\/","title":{"rendered":"Kayseri Otizm Beslenmesi"},"content":{"rendered":"\t\t<div data-elementor-type=\"wp-page\" data-elementor-id=\"15688\" class=\"elementor elementor-15688\">\n\t\t\t\t\t\t<section class=\"wd-negative-gap elementor-section elementor-top-section elementor-element elementor-element-609e636f elementor-section-content-middle elementor-section-boxed elementor-section-height-default elementor-section-height-default\" data-id=\"609e636f\" data-element_type=\"section\">\n\t\t\t\t\t\t<div class=\"elementor-container elementor-column-gap-wide\">\n\t\t\t\t\t<div class=\"elementor-column elementor-col-50 elementor-top-column elementor-element elementor-element-5b379324\" data-id=\"5b379324\" data-element_type=\"column\">\n\t\t\t<div class=\"elementor-widget-wrap elementor-element-populated\">\n\t\t\t\t\t\t<div class=\"elementor-element elementor-element-3c41d4e0 elementor-widget elementor-widget-image\" data-id=\"3c41d4e0\" data-element_type=\"widget\" data-widget_type=\"image.default\">\n\t\t\t\t<div class=\"elementor-widget-container\">\n\t\t\t\t\t\t\t\t\t\t\t\t\t\t\t<img decoding=\"async\" src=\"https:\/\/kayserifonksiyoneltipdiyetisyeni.com\/wp-content\/uploads\/elementor\/thumbs\/Adsiz-tasarim-73-r5w8hki3jqffq2cb6cmthbcof7u1damaferw1079k8.png\" title=\"Ads\u0131z tasar\u0131m (73)\" alt=\"Ads\u0131z tasar\u0131m (73)\" loading=\"lazy\" \/>\t\t\t\t\t\t\t\t\t\t\t\t\t\t\t<\/div>\n\t\t\t\t<\/div>\n\t\t\t\t\t<\/div>\n\t\t<\/div>\n\t\t\t\t<div class=\"elementor-column elementor-col-50 elementor-top-column elementor-element elementor-element-10d395f6\" data-id=\"10d395f6\" data-element_type=\"column\">\n\t\t\t<div class=\"elementor-widget-wrap elementor-element-populated\">\n\t\t\t\t\t\t<div class=\"elementor-element elementor-element-75a05f13 wd-width-100 elementor-widget elementor-widget-wd_title\" data-id=\"75a05f13\" data-element_type=\"widget\" data-widget_type=\"wd_title.default\">\n\t\t\t\t<div class=\"elementor-widget-container\">\n\t\t\t\t\t\t\t<div class=\"title-wrapper set-mb-s reset-last-child wd-title-color-default wd-title-style-default wd-title-size-default text-left\">\n\n\t\t\t\n\t\t\t<div class=\"liner-continer\">\n\t\t\t\t<h4 class=\"woodmart-title-container title wd-fontsize-l\">Otizm Beslenmesi<\/h4> \n\t\t\t\t\t\t\t<\/div>\n\n\t\t\t\t\t\t\t<div class=\"title-after_title set-cont-mb-s reset-last-child wd-fontsize-xs\">\n\t\t\t\t\t<p>Beslenme ve diyet uygulamalar\u0131, otizmde, tek ba\u015f\u0131na bir tedavi yakla\u015f\u0131m\u0131 olarak de\u011ferlendirilemez ancak otizmin semptomlar\u0131n\u0131 azaltmaya yard\u0131mc\u0131 olabilir, \u00e7ocuklar\u0131n ideal b\u00fcy\u00fcme ve geli\u015fmeleri i\u00e7in de \u00e7ok \u00f6nemlidir. Ayn\u0131 zamanda beyin-ba\u011f\u0131rsak aras\u0131ndaki ileti\u015fimin otizmin geli\u015fmesinde rol oynayabildi\u011fine dair veriler mevcuttur. Beslenme otizm semptomlar\u0131n\u0131 azaltabildi\u011fi gibi otizm semptomlar\u0131 da \u00e7ocu\u011fun beslenme d\u00fczenini olumsuz etkileyebilir.<br \/><br \/>Otizmli \u00e7ocuklar yiyeceklerin tad\u0131na, kokusuna, rengine ve dokusuna duyarl\u0131 olabilir bu nedenle baz\u0131 besinleri yemeyi reddedebilir.Odaklanma problemi ya\u015fayan \u00e7ocuklar sofrada uzun s\u00fcre oturmakta ve yemek yemekte zorlanabilir. E\u011fer yeterli besin ve s\u0131v\u0131 t\u00fcketmezlerse kab\u0131zl\u0131k gibi sindirim sorunlar\u0131 g\u00f6r\u00fclebilir.\u00a0<\/p>\t\t\t\t<\/div>\n\t\t\t\t\t<\/div>\n\t\t\t\t\t\t<\/div>\n\t\t\t\t<\/div>\n\t\t\t\t\t<\/div>\n\t\t<\/div>\n\t\t\t\t\t<\/div>\n\t\t<\/section>\n\t\t\t\t<\/div>\n\t\t","protected":false},"excerpt":{"rendered":"<p>Otizm Beslenmesi Beslenme ve diyet uygulamalar\u0131, otizmde, tek ba\u015f\u0131na bir tedavi yakla\u015f\u0131m\u0131 olarak de\u011ferlendirilemez ancak otizmin semptomlar\u0131n\u0131 azaltmaya yard\u0131mc\u0131 olabilir,<\/p>\n","protected":false},"author":1,"featured_media":0,"parent":0,"menu_order":0,"comment_status":"closed","ping_status":"closed","template":"","meta":{"footnotes":""},"class_list":["post-15688","page","type-page","status-publish","hentry"],"_links":{"self":[{"href":"https:\/\/kayserifonksiyoneltipdiyetisyeni.com\/index.php\/wp-json\/wp\/v2\/pages\/15688","targetHints":{"allow":["GET"]}}],"collection":[{"href":"https:\/\/kayserifonksiyoneltipdiyetisyeni.com\/index.php\/wp-json\/wp\/v2\/pages"}],"about":[{"href":"https:\/\/kayserifonksiyoneltipdiyetisyeni.com\/index.php\/wp-json\/wp\/v2\/types\/page"}],"author":[{"embeddable":true,"href":"https:\/\/kayserifonksiyoneltipdiyetisyeni.com\/index.php\/wp-json\/wp\/v2\/users\/1"}],"replies":[{"embeddable":true,"href":"https:\/\/kayserifonksiyoneltipdiyetisyeni.com\/index.php\/wp-json\/wp\/v2\/comments?post=15688"}],"version-history":[{"count":5,"href":"https:\/\/kayserifonksiyoneltipdiyetisyeni.com\/index.php\/wp-json\/wp\/v2\/pages\/15688\/revisions"}],"predecessor-version":[{"id":15696,"href":"https:\/\/kayserifonksiyoneltipdiyetisyeni.com\/index.php\/wp-json\/wp\/v2\/pages\/15688\/revisions\/15696"}],"wp:attachment":[{"href":"https:\/\/kayserifonksiyoneltipdiyetisyeni.com\/index.php\/wp-json\/wp\/v2\/media?parent=15688"}],"curies":[{"name":"wp","href":"https:\/\/api.w.org\/{rel}","templated":true}]}}