{"id":15680,"date":"2025-05-16T12:51:07","date_gmt":"2025-05-16T12:51:07","guid":{"rendered":"https:\/\/kayserifonksiyoneltipdiyetisyeni.com\/?page_id=15680"},"modified":"2025-05-16T12:56:46","modified_gmt":"2025-05-16T12:56:46","slug":"kayseri-eliminasyon-diyeti","status":"publish","type":"page","link":"https:\/\/kayserifonksiyoneltipdiyetisyeni.com\/index.php\/kayseri-eliminasyon-diyeti\/","title":{"rendered":"Kayseri Eliminasyon Diyeti"},"content":{"rendered":"\t\t<div data-elementor-type=\"wp-page\" data-elementor-id=\"15680\" class=\"elementor elementor-15680\">\n\t\t\t\t\t\t<section class=\"wd-negative-gap elementor-section elementor-top-section elementor-element elementor-element-12b8e724 elementor-section-content-middle elementor-section-boxed elementor-section-height-default elementor-section-height-default\" data-id=\"12b8e724\" data-element_type=\"section\">\n\t\t\t\t\t\t<div class=\"elementor-container elementor-column-gap-wide\">\n\t\t\t\t\t<div class=\"elementor-column elementor-col-50 elementor-top-column elementor-element elementor-element-18b6deed\" data-id=\"18b6deed\" data-element_type=\"column\">\n\t\t\t<div class=\"elementor-widget-wrap elementor-element-populated\">\n\t\t\t\t\t\t<div class=\"elementor-element elementor-element-58bb989 elementor-widget elementor-widget-image\" data-id=\"58bb989\" data-element_type=\"widget\" data-widget_type=\"image.default\">\n\t\t\t\t<div class=\"elementor-widget-container\">\n\t\t\t\t\t\t\t\t\t\t\t\t\t\t\t<img decoding=\"async\" src=\"https:\/\/kayserifonksiyoneltipdiyetisyeni.com\/wp-content\/uploads\/elementor\/thumbs\/Adsiz-tasarim-72-r5w86ju7fncfmmchil6993g5qm5550vk8vgzi8jei0.png\" title=\"Ads\u0131z tasar\u0131m (72)\" alt=\"Ads\u0131z tasar\u0131m (72)\" loading=\"lazy\" \/>\t\t\t\t\t\t\t\t\t\t\t\t\t\t\t<\/div>\n\t\t\t\t<\/div>\n\t\t\t\t\t<\/div>\n\t\t<\/div>\n\t\t\t\t<div class=\"elementor-column elementor-col-50 elementor-top-column elementor-element elementor-element-2007807d\" data-id=\"2007807d\" data-element_type=\"column\">\n\t\t\t<div class=\"elementor-widget-wrap elementor-element-populated\">\n\t\t\t\t\t\t<div class=\"elementor-element elementor-element-631eba4a wd-width-100 elementor-widget elementor-widget-wd_title\" data-id=\"631eba4a\" data-element_type=\"widget\" data-widget_type=\"wd_title.default\">\n\t\t\t\t<div class=\"elementor-widget-container\">\n\t\t\t\t\t\t\t<div class=\"title-wrapper set-mb-s reset-last-child wd-title-color-default wd-title-style-default wd-title-size-default text-left\">\n\n\t\t\t\n\t\t\t<div class=\"liner-continer\">\n\t\t\t\t<h4 class=\"woodmart-title-container title wd-fontsize-l\">Eliminasyon Diyeti<\/h4> \n\t\t\t\t\t\t\t<\/div>\n\n\t\t\t\t\t\t\t<div class=\"title-after_title set-cont-mb-s reset-last-child wd-fontsize-xs\">\n\t\t\t\t\t<p>Eliminasyon diyeti, belirli g\u0131dalar\u0131n 2-6 hafta s\u00fcreyle t\u00fcketimine ara vererek, g\u0131da intolerans\u0131na neden oldu\u011funa inan\u0131lan bir g\u0131day\u0131 veya g\u0131da grubunu tespit edebilmek i\u00e7in uygulanan diyet plan\u0131d\u0131r. \u0130shal, \u015fi\u015fkinlik ve gaz gibi \u015fikayetlerle\u00a0ili\u015fkili olabilecek yiyecekleri belirlemeye yard\u0131mc\u0131 olur. Bir yiyecek veya yiyecek grubu bir s\u00fcre t\u00fcketilmedi\u011finde\u00a0v\u00fccudun iyi tolere edemedi\u011fi yiyecekleri belirlemeye\u00a0katk\u0131 sa\u011flar.<\/p>\t\t\t\t<\/div>\n\t\t\t\t\t<\/div>\n\t\t\t\t\t\t<\/div>\n\t\t\t\t<\/div>\n\t\t\t\t\t<\/div>\n\t\t<\/div>\n\t\t\t\t\t<\/div>\n\t\t<\/section>\n\t\t\t\t<\/div>\n\t\t","protected":false},"excerpt":{"rendered":"<p>Eliminasyon Diyeti Eliminasyon diyeti, belirli g\u0131dalar\u0131n 2-6 hafta s\u00fcreyle t\u00fcketimine ara vererek, g\u0131da intolerans\u0131na neden oldu\u011funa inan\u0131lan bir g\u0131day\u0131 veya<\/p>\n","protected":false},"author":1,"featured_media":0,"parent":0,"menu_order":0,"comment_status":"closed","ping_status":"closed","template":"","meta":{"footnotes":""},"class_list":["post-15680","page","type-page","status-publish","hentry"],"_links":{"self":[{"href":"https:\/\/kayserifonksiyoneltipdiyetisyeni.com\/index.php\/wp-json\/wp\/v2\/pages\/15680","targetHints":{"allow":["GET"]}}],"collection":[{"href":"https:\/\/kayserifonksiyoneltipdiyetisyeni.com\/index.php\/wp-json\/wp\/v2\/pages"}],"about":[{"href":"https:\/\/kayserifonksiyoneltipdiyetisyeni.com\/index.php\/wp-json\/wp\/v2\/types\/page"}],"author":[{"embeddable":true,"href":"https:\/\/kayserifonksiyoneltipdiyetisyeni.com\/index.php\/wp-json\/wp\/v2\/users\/1"}],"replies":[{"embeddable":true,"href":"https:\/\/kayserifonksiyoneltipdiyetisyeni.com\/index.php\/wp-json\/wp\/v2\/comments?post=15680"}],"version-history":[{"count":4,"href":"https:\/\/kayserifonksiyoneltipdiyetisyeni.com\/index.php\/wp-json\/wp\/v2\/pages\/15680\/revisions"}],"predecessor-version":[{"id":15687,"href":"https:\/\/kayserifonksiyoneltipdiyetisyeni.com\/index.php\/wp-json\/wp\/v2\/pages\/15680\/revisions\/15687"}],"wp:attachment":[{"href":"https:\/\/kayserifonksiyoneltipdiyetisyeni.com\/index.php\/wp-json\/wp\/v2\/media?parent=15680"}],"curies":[{"name":"wp","href":"https:\/\/api.w.org\/{rel}","templated":true}]}}