{"id":15672,"date":"2025-05-16T12:30:08","date_gmt":"2025-05-16T12:30:08","guid":{"rendered":"https:\/\/kayserifonksiyoneltipdiyetisyeni.com\/?page_id=15672"},"modified":"2025-05-16T12:50:09","modified_gmt":"2025-05-16T12:50:09","slug":"kayseri-colyak-beslenmesi","status":"publish","type":"page","link":"https:\/\/kayserifonksiyoneltipdiyetisyeni.com\/index.php\/kayseri-colyak-beslenmesi\/","title":{"rendered":"Kayseri \u00c7\u00f6lyak Beslenmesi"},"content":{"rendered":"\t\t<div data-elementor-type=\"wp-page\" data-elementor-id=\"15672\" class=\"elementor elementor-15672\">\n\t\t\t\t\t\t<section class=\"wd-negative-gap elementor-section elementor-top-section elementor-element elementor-element-144d2d7b elementor-section-content-middle elementor-section-boxed elementor-section-height-default elementor-section-height-default\" data-id=\"144d2d7b\" data-element_type=\"section\">\n\t\t\t\t\t\t<div class=\"elementor-container elementor-column-gap-wide\">\n\t\t\t\t\t<div class=\"elementor-column elementor-col-50 elementor-top-column elementor-element elementor-element-188c3fc0\" data-id=\"188c3fc0\" data-element_type=\"column\">\n\t\t\t<div class=\"elementor-widget-wrap elementor-element-populated\">\n\t\t\t\t\t\t<div class=\"elementor-element elementor-element-208eec4b elementor-widget elementor-widget-image\" data-id=\"208eec4b\" data-element_type=\"widget\" data-widget_type=\"image.default\">\n\t\t\t\t<div class=\"elementor-widget-container\">\n\t\t\t\t\t\t\t\t\t\t\t\t\t\t\t<img decoding=\"async\" src=\"https:\/\/kayserifonksiyoneltipdiyetisyeni.com\/wp-content\/uploads\/elementor\/thumbs\/Adsiz-tasarim-71-r5w7udteyuotcc0qkbu3z5zcx243i2kn8ngpvakv1k.png\" title=\"Ads\u0131z tasar\u0131m (71)\" alt=\"Ads\u0131z tasar\u0131m (71)\" loading=\"lazy\" \/>\t\t\t\t\t\t\t\t\t\t\t\t\t\t\t<\/div>\n\t\t\t\t<\/div>\n\t\t\t\t\t<\/div>\n\t\t<\/div>\n\t\t\t\t<div class=\"elementor-column elementor-col-50 elementor-top-column elementor-element elementor-element-484532c1\" data-id=\"484532c1\" data-element_type=\"column\">\n\t\t\t<div class=\"elementor-widget-wrap elementor-element-populated\">\n\t\t\t\t\t\t<div class=\"elementor-element elementor-element-454d837b wd-width-100 elementor-widget elementor-widget-wd_title\" data-id=\"454d837b\" data-element_type=\"widget\" data-widget_type=\"wd_title.default\">\n\t\t\t\t<div class=\"elementor-widget-container\">\n\t\t\t\t\t\t\t<div class=\"title-wrapper set-mb-s reset-last-child wd-title-color-default wd-title-style-default wd-title-size-default text-left\">\n\n\t\t\t\n\t\t\t<div class=\"liner-continer\">\n\t\t\t\t<h4 class=\"woodmart-title-container title wd-fontsize-l\">\u00c7\u00f6lyak Beslenmesi<\/h4> \n\t\t\t\t\t\t\t<\/div>\n\n\t\t\t\t\t\t\t<div class=\"title-after_title set-cont-mb-s reset-last-child wd-fontsize-xs\">\n\t\t\t\t\t<p>\u00c7\u00f6lyak, gl\u00fctende bulunan iki ana protein olan gl\u00fctenin ve gliadinin sindirilememesi sonucu, gliadinin ba\u011f\u0131rsak mukozas\u0131na zarar veren bir ba\u011f\u0131\u015f\u0131kl\u0131k tepkisine neden oldu\u011fu kronik, kal\u0131tsal ba\u011f\u0131rsak hastal\u0131\u011f\u0131d\u0131r. Arpa, \u00e7avdar, bu\u011fday ve irmik gibi tah\u0131llar \u00e7\u00f6lyak hastal\u0131\u011f\u0131n\u0131 tetikleyen ana besinlerdir. Bu besinleri t\u00fcketen \u00e7\u00f6lyak hastalar\u0131nda g\u00f6r\u00fclen belirtiler, ishal, haz\u0131ms\u0131zl\u0131k ve \u015fi\u015fkinlik, kronik ishal, kar\u0131n a\u011fr\u0131s\u0131, kemik yo\u011funlu\u011funda azalma, kemik ve eklem a\u011fr\u0131lar\u0131, depresyon hali ve yorgunluktur.<\/p>\t\t\t\t<\/div>\n\t\t\t\t\t<\/div>\n\t\t\t\t\t\t<\/div>\n\t\t\t\t<\/div>\n\t\t\t\t\t<\/div>\n\t\t<\/div>\n\t\t\t\t\t<\/div>\n\t\t<\/section>\n\t\t\t\t<\/div>\n\t\t","protected":false},"excerpt":{"rendered":"<p>\u00c7\u00f6lyak Beslenmesi \u00c7\u00f6lyak, gl\u00fctende bulunan iki ana protein olan gl\u00fctenin ve gliadinin sindirilememesi sonucu, gliadinin ba\u011f\u0131rsak mukozas\u0131na zarar veren bir<\/p>\n","protected":false},"author":1,"featured_media":0,"parent":0,"menu_order":0,"comment_status":"closed","ping_status":"closed","template":"","meta":{"footnotes":""},"class_list":["post-15672","page","type-page","status-publish","hentry"],"_links":{"self":[{"href":"https:\/\/kayserifonksiyoneltipdiyetisyeni.com\/index.php\/wp-json\/wp\/v2\/pages\/15672","targetHints":{"allow":["GET"]}}],"collection":[{"href":"https:\/\/kayserifonksiyoneltipdiyetisyeni.com\/index.php\/wp-json\/wp\/v2\/pages"}],"about":[{"href":"https:\/\/kayserifonksiyoneltipdiyetisyeni.com\/index.php\/wp-json\/wp\/v2\/types\/page"}],"author":[{"embeddable":true,"href":"https:\/\/kayserifonksiyoneltipdiyetisyeni.com\/index.php\/wp-json\/wp\/v2\/users\/1"}],"replies":[{"embeddable":true,"href":"https:\/\/kayserifonksiyoneltipdiyetisyeni.com\/index.php\/wp-json\/wp\/v2\/comments?post=15672"}],"version-history":[{"count":4,"href":"https:\/\/kayserifonksiyoneltipdiyetisyeni.com\/index.php\/wp-json\/wp\/v2\/pages\/15672\/revisions"}],"predecessor-version":[{"id":15679,"href":"https:\/\/kayserifonksiyoneltipdiyetisyeni.com\/index.php\/wp-json\/wp\/v2\/pages\/15672\/revisions\/15679"}],"wp:attachment":[{"href":"https:\/\/kayserifonksiyoneltipdiyetisyeni.com\/index.php\/wp-json\/wp\/v2\/media?parent=15672"}],"curies":[{"name":"wp","href":"https:\/\/api.w.org\/{rel}","templated":true}]}}