{"id":15665,"date":"2025-05-16T12:22:26","date_gmt":"2025-05-16T12:22:26","guid":{"rendered":"https:\/\/kayserifonksiyoneltipdiyetisyeni.com\/?page_id=15665"},"modified":"2025-05-16T12:29:10","modified_gmt":"2025-05-16T12:29:10","slug":"kayseri-candida-beslenmesi","status":"publish","type":"page","link":"https:\/\/kayserifonksiyoneltipdiyetisyeni.com\/index.php\/kayseri-candida-beslenmesi\/","title":{"rendered":"Kayseri Candida Beslenmesi"},"content":{"rendered":"\t\t<div data-elementor-type=\"wp-page\" data-elementor-id=\"15665\" class=\"elementor elementor-15665\">\n\t\t\t\t\t\t<section class=\"wd-negative-gap elementor-section elementor-top-section elementor-element elementor-element-5f925584 elementor-section-content-middle elementor-section-boxed elementor-section-height-default elementor-section-height-default\" data-id=\"5f925584\" data-element_type=\"section\">\n\t\t\t\t\t\t<div class=\"elementor-container elementor-column-gap-wide\">\n\t\t\t\t\t<div class=\"elementor-column elementor-col-50 elementor-top-column elementor-element elementor-element-7c1aa676\" data-id=\"7c1aa676\" data-element_type=\"column\">\n\t\t\t<div class=\"elementor-widget-wrap elementor-element-populated\">\n\t\t\t\t\t\t<div class=\"elementor-element elementor-element-29b78550 elementor-widget elementor-widget-image\" data-id=\"29b78550\" data-element_type=\"widget\" data-widget_type=\"image.default\">\n\t\t\t\t<div class=\"elementor-widget-container\">\n\t\t\t\t\t\t\t\t\t\t\t\t\t\t\t<img decoding=\"async\" src=\"https:\/\/kayserifonksiyoneltipdiyetisyeni.com\/wp-content\/uploads\/elementor\/thumbs\/Adsiz-tasarim-70-r5w6z2sxchu0nvhsdaoffkdoo2f04zah9p9jgizwa0.png\" title=\"Ads\u0131z tasar\u0131m (70)\" alt=\"Ads\u0131z tasar\u0131m (70)\" loading=\"lazy\" \/>\t\t\t\t\t\t\t\t\t\t\t\t\t\t\t<\/div>\n\t\t\t\t<\/div>\n\t\t\t\t\t<\/div>\n\t\t<\/div>\n\t\t\t\t<div class=\"elementor-column elementor-col-50 elementor-top-column elementor-element elementor-element-3315239a\" data-id=\"3315239a\" data-element_type=\"column\">\n\t\t\t<div class=\"elementor-widget-wrap elementor-element-populated\">\n\t\t\t\t\t\t<div class=\"elementor-element elementor-element-3833d6dd wd-width-100 elementor-widget elementor-widget-wd_title\" data-id=\"3833d6dd\" data-element_type=\"widget\" data-widget_type=\"wd_title.default\">\n\t\t\t\t<div class=\"elementor-widget-container\">\n\t\t\t\t\t\t\t<div class=\"title-wrapper set-mb-s reset-last-child wd-title-color-default wd-title-style-default wd-title-size-default text-left\">\n\n\t\t\t\n\t\t\t<div class=\"liner-continer\">\n\t\t\t\t<h4 class=\"woodmart-title-container title wd-fontsize-l\">Candida Beslenmesi<\/h4> \n\t\t\t\t\t\t\t<\/div>\n\n\t\t\t\t\t\t\t<div class=\"title-after_title set-cont-mb-s reset-last-child wd-fontsize-xs\">\n\t\t\t\t\t<p>Candida, v\u00fccutta yayg\u0131n olarak bulunan bir maya t\u00fcr\u00fcd\u00fcr. Fakat mayan\u0131n a\u015f\u0131r\u0131 b\u00fcy\u00fcmesi durumunda enfeksiyonlar ortaya \u00e7\u0131kabilir. Candida diyeti, v\u00fccutta olu\u015fan candida mantarlar\u0131n\u0131n miktar\u0131n\u0131n azalmas\u0131na y\u00f6nelik olarak yap\u0131l\u0131r. Enfeksiyonlara neden olan candida mantar\u0131n\u0131n azaltman\u0131n yollar\u0131ndan bir tanesi olarak g\u00f6r\u00fcl\u00fcr. Candida diyeti, \u015feker, beyaz un, maya ve peynir gibi yiyecekleri tipik diyetten \u00e7\u0131kararak uygulanan bir diyettir.<\/p>\t\t\t\t<\/div>\n\t\t\t\t\t<\/div>\n\t\t\t\t\t\t<\/div>\n\t\t\t\t<\/div>\n\t\t\t\t\t<\/div>\n\t\t<\/div>\n\t\t\t\t\t<\/div>\n\t\t<\/section>\n\t\t\t\t<\/div>\n\t\t","protected":false},"excerpt":{"rendered":"<p>Candida Beslenmesi Candida, v\u00fccutta yayg\u0131n olarak bulunan bir maya t\u00fcr\u00fcd\u00fcr. Fakat mayan\u0131n a\u015f\u0131r\u0131 b\u00fcy\u00fcmesi durumunda enfeksiyonlar ortaya \u00e7\u0131kabilir. Candida diyeti,<\/p>\n","protected":false},"author":1,"featured_media":0,"parent":0,"menu_order":0,"comment_status":"closed","ping_status":"closed","template":"","meta":{"footnotes":""},"class_list":["post-15665","page","type-page","status-publish","hentry"],"_links":{"self":[{"href":"https:\/\/kayserifonksiyoneltipdiyetisyeni.com\/index.php\/wp-json\/wp\/v2\/pages\/15665","targetHints":{"allow":["GET"]}}],"collection":[{"href":"https:\/\/kayserifonksiyoneltipdiyetisyeni.com\/index.php\/wp-json\/wp\/v2\/pages"}],"about":[{"href":"https:\/\/kayserifonksiyoneltipdiyetisyeni.com\/index.php\/wp-json\/wp\/v2\/types\/page"}],"author":[{"embeddable":true,"href":"https:\/\/kayserifonksiyoneltipdiyetisyeni.com\/index.php\/wp-json\/wp\/v2\/users\/1"}],"replies":[{"embeddable":true,"href":"https:\/\/kayserifonksiyoneltipdiyetisyeni.com\/index.php\/wp-json\/wp\/v2\/comments?post=15665"}],"version-history":[{"count":4,"href":"https:\/\/kayserifonksiyoneltipdiyetisyeni.com\/index.php\/wp-json\/wp\/v2\/pages\/15665\/revisions"}],"predecessor-version":[{"id":15671,"href":"https:\/\/kayserifonksiyoneltipdiyetisyeni.com\/index.php\/wp-json\/wp\/v2\/pages\/15665\/revisions\/15671"}],"wp:attachment":[{"href":"https:\/\/kayserifonksiyoneltipdiyetisyeni.com\/index.php\/wp-json\/wp\/v2\/media?parent=15665"}],"curies":[{"name":"wp","href":"https:\/\/api.w.org\/{rel}","templated":true}]}}