{"id":15658,"date":"2025-05-16T12:12:07","date_gmt":"2025-05-16T12:12:07","guid":{"rendered":"https:\/\/kayserifonksiyoneltipdiyetisyeni.com\/?page_id=15658"},"modified":"2025-05-16T12:21:44","modified_gmt":"2025-05-16T12:21:44","slug":"kayseri-gida-intolerans-testi","status":"publish","type":"page","link":"https:\/\/kayserifonksiyoneltipdiyetisyeni.com\/index.php\/kayseri-gida-intolerans-testi\/","title":{"rendered":"Kayseri G\u0131da \u0130ntolerans Testi"},"content":{"rendered":"\t\t<div data-elementor-type=\"wp-page\" data-elementor-id=\"15658\" class=\"elementor elementor-15658\">\n\t\t\t\t\t\t<section class=\"wd-negative-gap elementor-section elementor-top-section elementor-element elementor-element-a1da6b1 elementor-section-content-middle elementor-section-boxed elementor-section-height-default elementor-section-height-default\" data-id=\"a1da6b1\" data-element_type=\"section\">\n\t\t\t\t\t\t<div class=\"elementor-container elementor-column-gap-wide\">\n\t\t\t\t\t<div class=\"elementor-column elementor-col-50 elementor-top-column elementor-element elementor-element-25abeeaa\" data-id=\"25abeeaa\" data-element_type=\"column\">\n\t\t\t<div class=\"elementor-widget-wrap elementor-element-populated\">\n\t\t\t\t\t\t<div class=\"elementor-element elementor-element-1de48b00 elementor-widget elementor-widget-image\" data-id=\"1de48b00\" data-element_type=\"widget\" data-widget_type=\"image.default\">\n\t\t\t\t<div class=\"elementor-widget-container\">\n\t\t\t\t\t\t\t\t\t\t\t\t\t\t\t<img decoding=\"async\" src=\"https:\/\/kayserifonksiyoneltipdiyetisyeni.com\/wp-content\/uploads\/elementor\/thumbs\/Adsiz-tasarim-69-r5w6hz4n00f7fac38ejskdqrkopl38eal1yi4acrhk.png\" title=\"Ads\u0131z tasar\u0131m (69)\" alt=\"Ads\u0131z tasar\u0131m (69)\" loading=\"lazy\" \/>\t\t\t\t\t\t\t\t\t\t\t\t\t\t\t<\/div>\n\t\t\t\t<\/div>\n\t\t\t\t\t<\/div>\n\t\t<\/div>\n\t\t\t\t<div class=\"elementor-column elementor-col-50 elementor-top-column elementor-element elementor-element-116b255e\" data-id=\"116b255e\" data-element_type=\"column\">\n\t\t\t<div class=\"elementor-widget-wrap elementor-element-populated\">\n\t\t\t\t\t\t<div class=\"elementor-element elementor-element-e72aa18 wd-width-100 elementor-widget elementor-widget-wd_title\" data-id=\"e72aa18\" data-element_type=\"widget\" data-widget_type=\"wd_title.default\">\n\t\t\t\t<div class=\"elementor-widget-container\">\n\t\t\t\t\t\t\t<div class=\"title-wrapper set-mb-s reset-last-child wd-title-color-default wd-title-style-default wd-title-size-default text-left\">\n\n\t\t\t\n\t\t\t<div class=\"liner-continer\">\n\t\t\t\t<h4 class=\"woodmart-title-container title wd-fontsize-l\">G\u0131da \u0130ntolerans Testi<\/h4> \n\t\t\t\t\t\t\t<\/div>\n\n\t\t\t\t\t\t\t<div class=\"title-after_title set-cont-mb-s reset-last-child wd-fontsize-xs\">\n\t\t\t\t\t<p>\u00a0G\u0131da intolerans\u0131 testi, ki\u015finin belirli besinlere kar\u015f\u0131 duyarl\u0131l\u0131\u011f\u0131n\u0131 \u00f6l\u00e7en ve bu duyarl\u0131l\u0131\u011f\u0131n derecesini belirleyen bir laboratuvar analizidir. Bu test, sindirim veya ba\u011f\u0131\u015f\u0131kl\u0131k sistemi sorunlar\u0131 nedeniyle v\u00fccudun belirli g\u0131dalara tepki verip vermedi\u011fini anlamak i\u00e7in uygulan\u0131r. Bu t\u00fcr \u015f\u00fcphelerinizde \u0130ntolerans testi i\u00e7in diyetisyeninize ba\u015fvurabilirsiz.<\/p>\t\t\t\t<\/div>\n\t\t\t\t\t<\/div>\n\t\t\t\t\t\t<\/div>\n\t\t\t\t<\/div>\n\t\t\t\t\t<\/div>\n\t\t<\/div>\n\t\t\t\t\t<\/div>\n\t\t<\/section>\n\t\t\t\t<\/div>\n\t\t","protected":false},"excerpt":{"rendered":"<p>G\u0131da \u0130ntolerans Testi \u00a0G\u0131da intolerans\u0131 testi, ki\u015finin belirli besinlere kar\u015f\u0131 duyarl\u0131l\u0131\u011f\u0131n\u0131 \u00f6l\u00e7en ve bu duyarl\u0131l\u0131\u011f\u0131n derecesini belirleyen bir laboratuvar analizidir.<\/p>\n","protected":false},"author":1,"featured_media":0,"parent":0,"menu_order":0,"comment_status":"closed","ping_status":"closed","template":"","meta":{"footnotes":""},"class_list":["post-15658","page","type-page","status-publish","hentry"],"_links":{"self":[{"href":"https:\/\/kayserifonksiyoneltipdiyetisyeni.com\/index.php\/wp-json\/wp\/v2\/pages\/15658","targetHints":{"allow":["GET"]}}],"collection":[{"href":"https:\/\/kayserifonksiyoneltipdiyetisyeni.com\/index.php\/wp-json\/wp\/v2\/pages"}],"about":[{"href":"https:\/\/kayserifonksiyoneltipdiyetisyeni.com\/index.php\/wp-json\/wp\/v2\/types\/page"}],"author":[{"embeddable":true,"href":"https:\/\/kayserifonksiyoneltipdiyetisyeni.com\/index.php\/wp-json\/wp\/v2\/users\/1"}],"replies":[{"embeddable":true,"href":"https:\/\/kayserifonksiyoneltipdiyetisyeni.com\/index.php\/wp-json\/wp\/v2\/comments?post=15658"}],"version-history":[{"count":4,"href":"https:\/\/kayserifonksiyoneltipdiyetisyeni.com\/index.php\/wp-json\/wp\/v2\/pages\/15658\/revisions"}],"predecessor-version":[{"id":15664,"href":"https:\/\/kayserifonksiyoneltipdiyetisyeni.com\/index.php\/wp-json\/wp\/v2\/pages\/15658\/revisions\/15664"}],"wp:attachment":[{"href":"https:\/\/kayserifonksiyoneltipdiyetisyeni.com\/index.php\/wp-json\/wp\/v2\/media?parent=15658"}],"curies":[{"name":"wp","href":"https:\/\/api.w.org\/{rel}","templated":true}]}}